{"id":751,"date":"2024-06-18T03:52:01","date_gmt":"2024-06-18T03:52:01","guid":{"rendered":"https:\/\/myinfoapps.com\/?page_id=751"},"modified":"2024-06-18T03:52:02","modified_gmt":"2024-06-18T03:52:02","slug":"%e9%9a%b1%e7%a7%81%e6%ac%8a%e6%94%bf%e7%ad%96","status":"publish","type":"page","link":"https:\/\/myinfoapps.com\/zh_tw\/politica-de-privacidade\/","title":{"rendered":"\u96b1\u79c1\u6b0a\u653f\u7b56"},"content":{"rendered":"<p>\u6b61\u8fce\u4f86\u5230 <a href=\"https:\/\/myinfoapps.com\/zh_tw\/\">\u6211\u7684\u4fe1\u606f\u61c9\u7528\u7a0b\u5f0f<\/a>. \u672c\u96b1\u79c1\u6b0a\u653f\u7b56\u63cf\u8ff0\u4e86\u7576\u60a8\u9020\u8a2a\u6216\u4f7f\u7528\u6211\u5011\u7684\u7db2\u7ad9\u6642\uff0c\u6211\u5011\u5982\u4f55\u6536\u96c6\u3001\u4f7f\u7528\u548c\u5206\u4eab\u60a8\u7684\u8cc7\u8a0a\u3002.<\/p>\n\n\n\n<h2 class=\"wp-block-heading\">1. \u6211\u5011\u6536\u96c6\u7684\u8cc7\u8a0a<\/h2>\n\n\n\n<ul class=\"wp-block-list\">\n<li><strong>\u500b\u4eba\u8cc7\u8a0a\uff1a<\/strong> \u7576\u60a8\u8a3b\u518a\u63a5\u6536\u66f4\u65b0\u6216\u8207\u6211\u5011\u6e9d\u901a\u6642\uff0c\u6211\u5011\u6703\u6536\u96c6\u60a8\u81ea\u9858\u63d0\u4f9b\u7684\u500b\u4eba\u8cc7\u8a0a\uff0c\u4f8b\u5982\u60a8\u7684\u59d3\u540d\u3001\u96fb\u5b50\u90f5\u4ef6\u5730\u5740\u548c\u5176\u4ed6\u806f\u7d61\u8cc7\u8a0a\u3002.<\/li>\n\n\n\n<li><strong>\u4f7f\u7528\u6578\u64da\uff1a<\/strong> \u6211\u5011\u6703\u81ea\u52d5\u6536\u96c6\u6709\u95dc\u60a8\u5982\u4f55\u5b58\u53d6\u548c\u4f7f\u7528\u7db2\u7ad9\u7684\u4fe1\u606f\uff0c\u5305\u62ec\u88dd\u7f6e\u985e\u578b\u3001\u7db2\u9801\u700f\u89bd\u5668\u3001\u9020\u8a2a\u7684\u9801\u9762\u3001\u9ede\u64ca\u6b21\u6578\u3001\u4f7f\u7528\u6a21\u5f0f\u548c\u5176\u4ed6\u4f7f\u7528\u8cc7\u8a0a\u3002.<\/li>\n\n\n\n<li><strong>Cookie \u8207\u8ffd\u8e64\u6280\u8853\uff1a<\/strong> \u6211\u5011\u4f7f\u7528 Cookie \u548c\u8ffd\u8e64\u6280\u8853\u4f86\u500b\u4eba\u5316\u60a8\u7684\u9ad4\u9a57\uff0c\u4e26\u6536\u96c6\u6709\u95dc\u60a8\u8207\u7db2\u7ad9\u548c\u6240\u5c55\u793a\u5ee3\u544a\u4e92\u52d5\u7684\u8cc7\u6599\u3002.<\/li>\n<\/ul>\n\n\n\n<h2 class=\"wp-block-heading\">2. \u8cc7\u8a0a\u7684\u4f7f\u7528<\/h2>\n\n\n\n<p>\u6211\u5011\u4f7f\u7528\u60a8\u7684\u8cc7\u8a0a\u7528\u65bc\uff1a<\/p>\n\n\n\n<ul class=\"wp-block-list\">\n<li>\u63d0\u4f9b\u3001\u7dad\u8b77\u548c\u6539\u9032\u6211\u5011\u7684\u7db2\u7ad9\u548c\u670d\u52d9\u3002.<\/li>\n\n\n\n<li>\u8207\u60a8\u6e9d\u901a\uff0c\u56de\u7b54\u60a8\u7684\u554f\u984c\u548c\u8acb\u6c42\u3002.<\/li>\n\n\n\n<li>\u5c55\u793a\u500b\u4eba\u5316\u5ee3\u544a\u4e26\u9032\u884c\u6578\u64da\u5206\u6790\u3002.<\/li>\n<\/ul>\n\n\n\n<h2 class=\"wp-block-heading\">3. \u8cc7\u8a0a\u5171\u4eab<\/h2>\n\n\n\n<p>\u5728\u4ee5\u4e0b\u60c5\u6cc1\u4e0b\uff0c\u6211\u5011\u53ef\u80fd\u6703\u8207\u7b2c\u4e09\u65b9\u5206\u4eab\u60a8\u7684\u8cc7\u8a0a\uff1a<\/p>\n\n\n\n<ul class=\"wp-block-list\">\n<li><strong>\u670d\u52d9\u63d0\u4f9b\u8005\uff1a<\/strong> \u6211\u5011\u6703\u8207\u5e6b\u52a9\u6211\u5011\u904b\u71df\u7db2\u7ad9\u7684\u4f9b\u61c9\u5546\u5171\u4eab\u4fe1\u606f\uff0c\u4f8b\u5982\u7db2\u7ad9\u8a17\u7ba1\u548c\u6578\u64da\u5206\u6790\u63d0\u4f9b\u8005\u3002.<\/li>\n\n\n\n<li><strong>Google Ad Exchange\uff1a<\/strong> \u9019\u662f\u900f\u904e Google Ad Exchange \u5c55\u793a\u5ee3\u544a\u6240\u5fc5\u9700\u7684\u3002.<\/li>\n\n\n\n<li><strong>\u6cd5\u5f8b\u5408\u898f\uff1a<\/strong> \u5fc5\u8981\u6642\uff0c\u70ba\u4e86\u9075\u5b88\u6cd5\u5f8b\u6216\u56de\u61c9\u6cd5\u5f8b\u7a0b\u5e8f\u3002.<\/li>\n<\/ul>\n\n\n\n<h2 class=\"wp-block-heading\">4. Google AdSense<\/h2>\n\n\n\n<ul class=\"wp-block-list\">\n<li>\u6839\u64da Google AdSense \u689d\u6b3e\uff0c\u6211\u5011\u7279\u6b64\u544a\u77e5\u60a8\uff0cGoogle \u4f5c\u70ba\u7b2c\u4e09\u65b9\u4f9b\u61c9\u5546\uff0c\u4f7f\u7528 Cookie \u5728\u6211\u5011\u7684\u7db2\u7ad9\u4e0a\u6295\u653e\u5ee3\u544a\u3002.<\/li>\n\n\n\n<li>Google \u4f7f\u7528 DART cookie\uff0c\u53ef\u6839\u64da\u4f7f\u7528\u8005\u9020\u8a2a\u6211\u5011\u7db2\u7ad9\u548c\u7db2\u8def\u4e0a\u5176\u4ed6\u7db2\u7ad9\u7684\u60c5\u6cc1\uff0c\u5411\u4f7f\u7528\u8005\u6295\u653e\u5ee3\u544a\u3002.<\/li>\n\n\n\n<li>\u4f7f\u7528\u8005\u53ef\u4ee5\u900f\u904e\u9020\u8a2a Google \u5ee3\u544a\u548c\u5167\u5bb9\u7db2\u8def\u96b1\u79c1\u6b0a\u653f\u7b56\u9078\u64c7\u505c\u7528 DART cookie\u3002.<\/li>\n<\/ul>\n\n\n\n<h2 class=\"wp-block-heading\">5. \u96b1\u79c1\u6b0a\u653f\u7b56\u7684\u8b8a\u66f4<\/h2>\n\n\n\n<p>\u6211\u5011\u53ef\u80fd\u6703\u4e0d\u6642\u66f4\u65b0\u6211\u5011\u7684\u96b1\u79c1\u6b0a\u653f\u7b56\u3002\u5982\u6709\u4efb\u4f55\u8b8a\u66f4\uff0c\u6211\u5011\u5c07\u5728\u672c\u9801\u9762\u767c\u5e03\u65b0\u7684\u96b1\u79c1\u6b0a\u653f\u7b56\u4e26\u901a\u77e5\u60a8\u3002.<\/p>\n\n\n\n<h2 class=\"wp-block-heading\">6. \u806f\u7d61\u65b9\u5f0f<\/h2>\n\n\n\n<p>\u5982\u679c\u60a8\u5c0d\u672c\u96b1\u79c1\u6b0a\u653f\u7b56\u6709\u4efb\u4f55\u7591\u554f\uff0c\u8acb\u8207\u6211\u5011\u806f\u7d61\u3002.<\/p>","protected":false},"excerpt":{"rendered":"<p>Bem-vindo ao My Info Apps. Esta pol\u00edtica de privacidade descreve como coletamos, usamos e compartilhamos informa\u00e7\u00f5es sobre voc\u00ea quando acessa ou usa nosso site. 1. Informa\u00e7\u00f5es que Coletamos 2. Uso de Informa\u00e7\u00f5es Utilizamos suas informa\u00e7\u00f5es para: 3. Compartilhamento de Informa\u00e7\u00f5es Podemos compartilhar suas informa\u00e7\u00f5es com terceiros nas seguintes circunst\u00e2ncias: 4. Google AdSense 5. Altera\u00e7\u00f5es \u00e0 [&hellip;]<\/p>\n","protected":false},"author":1,"featured_media":0,"parent":0,"menu_order":0,"comment_status":"closed","ping_status":"closed","template":"","meta":{"footnotes":""},"class_list":["post-751","page","type-page","status-publish"],"_links":{"self":[{"href":"https:\/\/myinfoapps.com\/zh_tw\/wp-json\/wp\/v2\/pages\/751","targetHints":{"allow":["GET"]}}],"collection":[{"href":"https:\/\/myinfoapps.com\/zh_tw\/wp-json\/wp\/v2\/pages"}],"about":[{"href":"https:\/\/myinfoapps.com\/zh_tw\/wp-json\/wp\/v2\/types\/page"}],"author":[{"embeddable":true,"href":"https:\/\/myinfoapps.com\/zh_tw\/wp-json\/wp\/v2\/users\/1"}],"replies":[{"embeddable":true,"href":"https:\/\/myinfoapps.com\/zh_tw\/wp-json\/wp\/v2\/comments?post=751"}],"version-history":[{"count":1,"href":"https:\/\/myinfoapps.com\/zh_tw\/wp-json\/wp\/v2\/pages\/751\/revisions"}],"predecessor-version":[{"id":752,"href":"https:\/\/myinfoapps.com\/zh_tw\/wp-json\/wp\/v2\/pages\/751\/revisions\/752"}],"wp:attachment":[{"href":"https:\/\/myinfoapps.com\/zh_tw\/wp-json\/wp\/v2\/media?parent=751"}],"curies":[{"name":"wp","href":"https:\/\/api.w.org\/{rel}","templated":true}]}}