{"id":753,"date":"2024-06-18T03:52:48","date_gmt":"2024-06-18T03:52:48","guid":{"rendered":"https:\/\/myinfoapps.com\/?page_id=753"},"modified":"2024-06-18T03:52:49","modified_gmt":"2024-06-18T03:52:49","slug":"%e4%bd%bf%e7%94%a8%e6%a2%9d%e6%ac%be","status":"publish","type":"page","link":"https:\/\/myinfoapps.com\/zh_hk\/termos-de-uso\/","title":{"rendered":"\u4f7f\u7528\u689d\u6b3e"},"content":{"rendered":"<p>\u6b61\u8fce\u4f86\u5230 <a href=\"https:\/\/myinfoapps.com\/zh_hk\/\">\u6211\u7684\u4fe1\u606f\u61c9\u7528\u7a0b\u5f0f<\/a>. \u672c\u4f7f\u7528\u689d\u6b3e\uff08\u300c\u689d\u6b3e\u300d\uff09\u7d04\u675f\u60a8\u5c0d\u6211\u5011\u7db2\u7ad9 https:\/\/myinfoapps.com \u7684\u5b58\u53d6\u548c\u4f7f\u7528\uff0c\u8a72\u7db2\u7ad9\u662f\u81f4\u529b\u65bc\u63d0\u4f9b\u5404\u7a2e\u4e3b\u984c\u884c\u52d5\u61c9\u7528\u7a0b\u5f0f\u63a8\u85a6\u548c\u8cc7\u8a0a\u7684\u5165\u53e3\u7db2\u7ad9\u3002\u9020\u8a2a\u6216\u4f7f\u7528\u672c\u7db2\u7ad9\u5373\u8868\u793a\u60a8\u540c\u610f\u672c\u689d\u6b3e\u3002 <a href=\"https:\/\/myinfoapps.com\/zh_hk\/\">\u6211\u7684\u4fe1\u606f\u61c9\u7528\u7a0b\u5f0f<\/a>, \u60a8\u9019\u6a23\u505a\u5373\u8868\u793a\u540c\u610f\u9075\u5b88\u9019\u4e9b\u689d\u6b3e\u3002.<\/p>\n\n\n\n<h2 class=\"wp-block-heading\">1. \u6211\u7684\u8cc7\u8a0a\u61c9\u7528\u670d\u52d9<\/h2>\n\n\n\n<ul class=\"wp-block-list\">\n<li>\u6211\u7684\u8cc7\u8a0a\u61c9\u7528\u63d0\u4f9b\u884c\u52d5\u61c9\u7528\u53ca\u76f8\u95dc\u5167\u5bb9\u7684\u63a8\u85a6\u3002.<\/li>\n\n\n\n<li>\u6211\u5011\u65e2\u4e0d\u662f\u63a8\u85a6\u61c9\u7528\u7a0b\u5f0f\u7684\u64c1\u6709\u8005\uff0c\u4e5f\u4e0d\u662f\u958b\u767c\u8005\u3002\u9019\u4e9b\u63a8\u85a6\u662f\u57fa\u65bc\u6211\u5011\u81ea\u8eab\u7684\u7814\u7a76\u548c\u5206\u6790\u3002.<\/li>\n\n\n\n<li>\u6211\u5011\u7684\u670d\u52d9\u900f\u904eGoogleAdSense\/\u5ee3\u544a\u4ea4\u6613\u5e73\u53f0\u5ee3\u544a\u7372\u5229\u3002.<\/li>\n<\/ul>\n\n\n\n<h2 class=\"wp-block-heading\">2. \u7db2\u7ad9\u7684\u4f7f\u7528<\/h2>\n\n\n\n<ul class=\"wp-block-list\">\n<li>\u60a8\u540c\u610f\u50c5\u51fa\u65bc\u5408\u6cd5\u76ee\u7684\u4e26\u6309\u7167\u672c\u689d\u6b3e\u4f7f\u7528\u300c\u6211\u7684\u8cc7\u8a0a\u61c9\u7528\u300d\u3002.<\/li>\n\n\n\n<li>\u60a8\u4e0d\u5f97\u4ee5\u4efb\u4f55\u53ef\u80fd\u640d\u58de\u3001\u505c\u7528\u6216\u4f7f\u7db2\u7ad9\u904e\u8f09\u7684\u65b9\u5f0f\u4f7f\u7528\u8a72\u7db2\u7ad9\u3002.<\/li>\n\n\n\n<li>My Info Apps \u7684\u5167\u5bb9\uff0c\u5305\u62ec\u6587\u5b57\u3001\u5716\u5f62\u548c\u5716\u50cf\uff0c\u5747\u53d7\u7248\u6b0a\u4fdd\u8b77\uff0c\u662f My Info Apps \u6216\u5176\u6388\u6b0a\u4eba\u7684\u8ca1\u7522\u3002.<\/li>\n<\/ul>\n\n\n\n<h2 class=\"wp-block-heading\">3. \u514d\u8cac\u8072\u660e<\/h2>\n\n\n\n<ul class=\"wp-block-list\">\n<li>My Info Apps\u4e0d\u5c0d\u63a8\u85a6\u61c9\u7528\u7a0b\u5f0f\u7684\u6e96\u78ba\u6027\u3001\u5b89\u5168\u6027\u6216\u53ef\u9760\u6027\u8ca0\u8cac\u3002.<\/li>\n\n\n\n<li>\u5c0d\u65bc\u56e0\u4f7f\u7528\u672c\u7db2\u7ad9\u63a8\u85a6\u7684\u61c9\u7528\u7a0b\u5f0f\u800c\u9020\u6210\u7684\u4efb\u4f55\u640d\u5bb3\u6216\u640d\u5931\uff0c\u6211\u5011\u6982\u4e0d\u8ca0\u8cac\u3002.<\/li>\n<\/ul>\n\n\n\n<h2 class=\"wp-block-heading\">4. \u667a\u6167\u8ca1\u7522\u6b0a<\/h2>\n\n\n\n<ul class=\"wp-block-list\">\n<li>My Info Apps \u4e0a\u7684\u6240\u6709\u5167\u5bb9\u5747\u6b78 My Info Apps \u6216\u5176\u6388\u6b0a\u4eba\u6240\u6709\uff0c\u4e26\u53d7\u7248\u6b0a\u3001\u5546\u6a19\u548c\u5176\u4ed6\u667a\u6167\u8ca1\u7522\u6b0a\u6cd5\u5f8b\u7684\u4fdd\u8b77\u3002.<\/li>\n\n\n\n<li>\u672a\u7d93\u6211\u5011\u660e\u78ba\u7684\u66f8\u9762\u8a31\u53ef\uff0c\u4e0d\u5f97\u4ee5\u4efb\u4f55\u65b9\u5f0f\u8907\u88fd\u3001\u8f49\u8f09\u3001\u91cd\u65b0\u767c\u5e03\u3001\u4e0a\u50b3\u3001\u5f35\u8cbc\u3001\u50b3\u8f38\u6216\u6563\u4f48\u672c\u7db2\u7ad9\u7684\u4efb\u4f55\u5167\u5bb9\u3002.<\/li>\n<\/ul>\n\n\n\n<h2 class=\"wp-block-heading\">5. \u7b2c\u4e09\u65b9\u5ee3\u544a\u548c\u9023\u7d50<\/h2>\n\n\n\n<ul class=\"wp-block-list\">\n<li>\u6211\u5011\u7684\u7db2\u7ad9\u6703\u986f\u793a\u7531 Google AdSense\/Ad Exchange \u63d0\u4f9b\u7684\u5ee3\u544a\u3002.<\/li>\n\n\n\n<li>\u6211\u5011\u53ef\u80fd\u6703\u63d0\u4f9b\u7b2c\u4e09\u65b9\u7db2\u7ad9\u7684\u9023\u7d50\uff1b\u6b64\u985e\u9023\u7d50\u4e26\u4e0d\u4ee3\u8868\u6211\u5011\u8a8d\u53ef\u9019\u4e9b\u7db2\u7ad9\u3002.<\/li>\n<\/ul>\n\n\n\n<h2 class=\"wp-block-heading\">6. \u689d\u6b3e\u4fee\u6539<\/h2>\n\n\n\n<ul class=\"wp-block-list\">\n<li>My Info Apps\u4fdd\u7559\u96a8\u6642\u4fee\u6539\u672c\u689d\u6b3e\u7684\u6b0a\u5229\u3002\u60a8\u7e7c\u7e8c\u9020\u8a2a\u548c\u4f7f\u7528\u672c\u7db2\u7ad9\u5373\u8868\u793a\u60a8\u63a5\u53d7\u6b64\u985e\u4fee\u6539\u3002.<\/li>\n<\/ul>\n\n\n\n<h2 class=\"wp-block-heading\">7. \u806f\u7d61\u65b9\u5f0f<\/h2>\n\n\n\n<ul class=\"wp-block-list\">\n<li>\u5982\u679c\u60a8\u5c0d\u9019\u4e9b\u4f7f\u7528\u689d\u6b3e\u6709\u4efb\u4f55\u7591\u554f\u6216\u7591\u616e\uff0c\u8acb\u8207\u6211\u5011\u806f\u7d61\u3002.<\/li>\n<\/ul>","protected":false},"excerpt":{"rendered":"<p>Bem-vindo ao My Info Apps. Estes Termos de Uso (\u201cTermos\u201d) regem seu acesso e uso do nosso site https:\/\/myinfoapps.com, um portal dedicado a fornecer recomenda\u00e7\u00f5es e informa\u00e7\u00f5es sobre aplicativos de celular de diversos temas. Ao acessar ou usar o My Info Apps, voc\u00ea concorda em cumprir estes Termos. 1. Servi\u00e7os do My Info Apps 2. [&hellip;]<\/p>\n","protected":false},"author":1,"featured_media":0,"parent":0,"menu_order":0,"comment_status":"closed","ping_status":"closed","template":"","meta":{"footnotes":""},"class_list":["post-753","page","type-page","status-publish"],"_links":{"self":[{"href":"https:\/\/myinfoapps.com\/zh_hk\/wp-json\/wp\/v2\/pages\/753","targetHints":{"allow":["GET"]}}],"collection":[{"href":"https:\/\/myinfoapps.com\/zh_hk\/wp-json\/wp\/v2\/pages"}],"about":[{"href":"https:\/\/myinfoapps.com\/zh_hk\/wp-json\/wp\/v2\/types\/page"}],"author":[{"embeddable":true,"href":"https:\/\/myinfoapps.com\/zh_hk\/wp-json\/wp\/v2\/users\/1"}],"replies":[{"embeddable":true,"href":"https:\/\/myinfoapps.com\/zh_hk\/wp-json\/wp\/v2\/comments?post=753"}],"version-history":[{"count":1,"href":"https:\/\/myinfoapps.com\/zh_hk\/wp-json\/wp\/v2\/pages\/753\/revisions"}],"predecessor-version":[{"id":754,"href":"https:\/\/myinfoapps.com\/zh_hk\/wp-json\/wp\/v2\/pages\/753\/revisions\/754"}],"wp:attachment":[{"href":"https:\/\/myinfoapps.com\/zh_hk\/wp-json\/wp\/v2\/media?parent=753"}],"curies":[{"name":"wp","href":"https:\/\/api.w.org\/{rel}","templated":true}]}}