{"id":751,"date":"2024-06-18T03:52:01","date_gmt":"2024-06-18T03:52:01","guid":{"rendered":"https:\/\/myinfoapps.com\/?page_id=751"},"modified":"2024-06-18T03:52:02","modified_gmt":"2024-06-18T03:52:02","slug":"patakaran-sa-pagkapribado","status":"publish","type":"page","link":"https:\/\/myinfoapps.com\/tl_om\/politica-de-privacidade\/","title":{"rendered":"Patakaran sa Privacy"},"content":{"rendered":"<p>Maligayang pagdating sa <a href=\"https:\/\/myinfoapps.com\/tl_om\/\">Aking Impormasyon Apps<\/a>. Inilalarawan ng patakaran sa privacy na ito kung paano namin kinokolekta, ginagamit, at ibinabahagi ang impormasyon tungkol sa iyo kapag ina-access o ginagamit mo ang aming website.<\/p>\n\n\n\n<h2 class=\"wp-block-heading\">1. Impormasyong Kinokolekta Namin<\/h2>\n\n\n\n<ul class=\"wp-block-list\">\n<li><strong>Personal na Impormasyon:<\/strong> Nangongolekta kami ng personal na impormasyon na kusang-loob mong ibinibigay, tulad ng iyong pangalan, email address, at iba pang impormasyon sa pakikipag-ugnayan, kapag nag-sign up ka upang makatanggap ng mga update o makipag-ugnayan sa amin.<\/li>\n\n\n\n<li><strong>Datos ng Paggamit:<\/strong> Awtomatiko naming kinokolekta ang impormasyon tungkol sa kung paano mo ina-access at ginagamit ang website, kabilang ang uri ng device, web browser, mga pahinang binisita, mga pag-click, mga pattern ng paggamit, at iba pang impormasyon sa paggamit.<\/li>\n\n\n\n<li><strong>Mga Cookie at Teknolohiya sa Pagsubaybay:<\/strong> Gumagamit kami ng cookies at mga teknolohiya sa pagsubaybay upang i-personalize ang iyong karanasan at mangolekta ng data tungkol sa iyong interaksyon sa website at sa mga ad na ipinapakita.<\/li>\n<\/ul>\n\n\n\n<h2 class=\"wp-block-heading\">2. Paggamit ng Impormasyon<\/h2>\n\n\n\n<p>Ginagamit namin ang iyong impormasyon para sa:<\/p>\n\n\n\n<ul class=\"wp-block-list\">\n<li>Upang maibigay, mapanatili, at mapabuti ang aming website at mga serbisyo.<\/li>\n\n\n\n<li>Para makipag-ugnayan sa iyo, sagutin ang iyong mga tanong at kahilingan.<\/li>\n\n\n\n<li>Magpakita ng mga personalized na ad at magsagawa ng pagsusuri ng datos.<\/li>\n<\/ul>\n\n\n\n<h2 class=\"wp-block-heading\">3. Pagbabahagi ng Impormasyon<\/h2>\n\n\n\n<p>Maaari naming ibahagi ang iyong impormasyon sa mga ikatlong partido sa mga sumusunod na sitwasyon:<\/p>\n\n\n\n<ul class=\"wp-block-list\">\n<li><strong>Mga Tagapagbigay ng Serbisyo:<\/strong> Ibinabahagi namin ang impormasyon sa mga vendor na tumutulong sa amin na patakbuhin ang website, tulad ng mga web hosting at data analytics provider.<\/li>\n\n\n\n<li><strong>Google Ad Exchange:<\/strong> Kung kinakailangan para sa pagpapakita ng mga ad sa pamamagitan ng Google Ad Exchange.<\/li>\n\n\n\n<li><strong>Pagsunod sa Batas:<\/strong> Kapag kinakailangan upang sumunod sa batas o tumugon sa mga prosesong legal.<\/li>\n<\/ul>\n\n\n\n<h2 class=\"wp-block-heading\">4. Google AdSense<\/h2>\n\n\n\n<ul class=\"wp-block-list\">\n<li>Alinsunod sa mga tuntunin ng Google AdSense, ipinapaalam namin sa iyo na ang Google, bilang isang third-party vendor, ay gumagamit ng cookies upang maghatid ng mga ad sa aming website.<\/li>\n\n\n\n<li>Ang paggamit ng Google ng DART cookie ay nagbibigay-daan dito upang maghatid ng mga ad sa aming mga gumagamit batay sa kanilang mga pagbisita sa aming site at iba pang mga site sa Internet.<\/li>\n\n\n\n<li>Maaaring mag-opt out ang mga user sa paggamit ng DART cookie sa pamamagitan ng pag-access sa Patakaran sa Privacy ng Google Ads at Content Network.<\/li>\n<\/ul>\n\n\n\n<h2 class=\"wp-block-heading\">5. Mga Pagbabago sa Patakaran sa Pagkapribado<\/h2>\n\n\n\n<p>Maaari naming i-update ang aming Patakaran sa Pagkapribado paminsan-minsan. Aabisuhan ka namin tungkol sa anumang mga pagbabago sa pamamagitan ng pag-post ng bagong Patakaran sa Pagkapribado sa pahinang ito.<\/p>\n\n\n\n<h2 class=\"wp-block-heading\">6. Makipag-ugnayan<\/h2>\n\n\n\n<p>Kung mayroon kang anumang mga katanungan tungkol sa Patakaran sa Pagkapribado na ito, mangyaring makipag-ugnayan sa amin.<\/p>","protected":false},"excerpt":{"rendered":"<p>Bem-vindo ao My Info Apps. Esta pol\u00edtica de privacidade descreve como coletamos, usamos e compartilhamos informa\u00e7\u00f5es sobre voc\u00ea quando acessa ou usa nosso site. 1. Informa\u00e7\u00f5es que Coletamos 2. Uso de Informa\u00e7\u00f5es Utilizamos suas informa\u00e7\u00f5es para: 3. Compartilhamento de Informa\u00e7\u00f5es Podemos compartilhar suas informa\u00e7\u00f5es com terceiros nas seguintes circunst\u00e2ncias: 4. Google AdSense 5. Altera\u00e7\u00f5es \u00e0 [&hellip;]<\/p>\n","protected":false},"author":1,"featured_media":0,"parent":0,"menu_order":0,"comment_status":"closed","ping_status":"closed","template":"","meta":{"footnotes":""},"class_list":["post-751","page","type-page","status-publish"],"_links":{"self":[{"href":"https:\/\/myinfoapps.com\/tl_om\/wp-json\/wp\/v2\/pages\/751","targetHints":{"allow":["GET"]}}],"collection":[{"href":"https:\/\/myinfoapps.com\/tl_om\/wp-json\/wp\/v2\/pages"}],"about":[{"href":"https:\/\/myinfoapps.com\/tl_om\/wp-json\/wp\/v2\/types\/page"}],"author":[{"embeddable":true,"href":"https:\/\/myinfoapps.com\/tl_om\/wp-json\/wp\/v2\/users\/1"}],"replies":[{"embeddable":true,"href":"https:\/\/myinfoapps.com\/tl_om\/wp-json\/wp\/v2\/comments?post=751"}],"version-history":[{"count":1,"href":"https:\/\/myinfoapps.com\/tl_om\/wp-json\/wp\/v2\/pages\/751\/revisions"}],"predecessor-version":[{"id":752,"href":"https:\/\/myinfoapps.com\/tl_om\/wp-json\/wp\/v2\/pages\/751\/revisions\/752"}],"wp:attachment":[{"href":"https:\/\/myinfoapps.com\/tl_om\/wp-json\/wp\/v2\/media?parent=751"}],"curies":[{"name":"wp","href":"https:\/\/api.w.org\/{rel}","templated":true}]}}