{"id":753,"date":"2024-06-18T03:52:48","date_gmt":"2024-06-18T03:52:48","guid":{"rendered":"https:\/\/myinfoapps.com\/?page_id=753"},"modified":"2024-06-18T03:52:49","modified_gmt":"2024-06-18T03:52:49","slug":"anvandarvillkor","status":"publish","type":"page","link":"https:\/\/myinfoapps.com\/sv\/termos-de-uso\/","title":{"rendered":"Villkor"},"content":{"rendered":"<p>V\u00e4lkommen till <a href=\"https:\/\/myinfoapps.com\/sv\/\">Mina infoappar<\/a>. Dessa anv\u00e4ndarvillkor (\u201cVillkor\u201d) reglerar din \u00e5tkomst till och anv\u00e4ndning av v\u00e5r webbplats https:\/\/myinfoapps.com, en portal dedikerad till att ge rekommendationer och information om mobilapplikationer inom olika \u00e4mnen. Genom att bes\u00f6ka eller anv\u00e4nda <a href=\"https:\/\/myinfoapps.com\/sv\/\">Mina infoappar<\/a>, Genom att g\u00f6ra det godk\u00e4nner du att f\u00f6lja dessa villkor.<\/p>\n\n\n\n<h2 class=\"wp-block-heading\">1. Mina informationsappar<\/h2>\n\n\n\n<ul class=\"wp-block-list\">\n<li>Mina infoappar erbjuder rekommendationer f\u00f6r mobilapplikationer och relaterat inneh\u00e5ll.<\/li>\n\n\n\n<li>Vi \u00e4r varken \u00e4gare eller utvecklare av de rekommenderade apparna. Rekommendationerna \u00e4r baserade p\u00e5 v\u00e5r egen forskning och analys.<\/li>\n\n\n\n<li>V\u00e5ra tj\u00e4nster genereras int\u00e4kter via Google AdSense\/Ad Exchange-annonser.<\/li>\n<\/ul>\n\n\n\n<h2 class=\"wp-block-heading\">2. Anv\u00e4ndning av webbplatsen<\/h2>\n\n\n\n<ul class=\"wp-block-list\">\n<li>Du samtycker till att endast anv\u00e4nda My Info Apps f\u00f6r lagliga \u00e4ndam\u00e5l och i enlighet med dessa villkor.<\/li>\n\n\n\n<li>Du f\u00e5r inte anv\u00e4nda webbplatsen p\u00e5 ett s\u00e4tt som kan skada, inaktivera eller \u00f6verbelasta den.<\/li>\n\n\n\n<li>Inneh\u00e5llet i My Info Apps, inklusive text, grafik och bilder, \u00e4r skyddat av upphovsr\u00e4tt och tillh\u00f6r My Info Apps eller dess licensgivare.<\/li>\n<\/ul>\n\n\n\n<h2 class=\"wp-block-heading\">3. Ansvarsfriskrivning<\/h2>\n\n\n\n<ul class=\"wp-block-list\">\n<li>My Info Apps ansvarar inte f\u00f6r de rekommenderade applikationernas riktighet, s\u00e4kerhet eller tillf\u00f6rlitlighet.<\/li>\n\n\n\n<li>Vi ansvarar inte f\u00f6r n\u00e5gra skador eller f\u00f6rluster som uppst\u00e5r till f\u00f6ljd av anv\u00e4ndning av appar som rekommenderas p\u00e5 v\u00e5r webbplats.<\/li>\n<\/ul>\n\n\n\n<h2 class=\"wp-block-heading\">4. Immateriella r\u00e4ttigheter<\/h2>\n\n\n\n<ul class=\"wp-block-list\">\n<li>Allt inneh\u00e5ll p\u00e5 My Info Apps \u00e4gs av My Info Apps eller dess licensgivare och \u00e4r skyddat av upphovsr\u00e4tt, varum\u00e4rkesr\u00e4tt och andra immateriella r\u00e4ttigheter.<\/li>\n\n\n\n<li>Inget inneh\u00e5ll fr\u00e5n denna webbplats f\u00e5r kopieras, reproduceras, \u00e5terpubliceras, laddas upp, publiceras, \u00f6verf\u00f6ras eller distribueras p\u00e5 n\u00e5got s\u00e4tt utan v\u00e5rt uttryckliga skriftliga tillst\u00e5nd.<\/li>\n<\/ul>\n\n\n\n<h2 class=\"wp-block-heading\">5. Reklam och l\u00e4nkar fr\u00e5n tredje part<\/h2>\n\n\n\n<ul class=\"wp-block-list\">\n<li>V\u00e5r webbplats visar annonser fr\u00e5n Google AdSense\/Ad Exchange.<\/li>\n\n\n\n<li>Vi kan komma att inkludera l\u00e4nkar till webbplatser fr\u00e5n tredje part; s\u00e5dana l\u00e4nkar inneb\u00e4r inte att vi st\u00f6der dessa webbplatser.<\/li>\n<\/ul>\n\n\n\n<h2 class=\"wp-block-heading\">6. \u00c4ndringar av villkoren<\/h2>\n\n\n\n<ul class=\"wp-block-list\">\n<li>My Info Apps f\u00f6rbeh\u00e5ller sig r\u00e4tten att \u00e4ndra dessa villkor n\u00e4r som helst. Dina fortsatta bes\u00f6k p\u00e5 och anv\u00e4ndning av webbplatsen inneb\u00e4r att du godk\u00e4nner s\u00e5dana \u00e4ndringar.<\/li>\n<\/ul>\n\n\n\n<h2 class=\"wp-block-heading\">7. Kontakt<\/h2>\n\n\n\n<ul class=\"wp-block-list\">\n<li>Om du har n\u00e5gra fr\u00e5gor eller funderingar g\u00e4llande dessa anv\u00e4ndarvillkor, v\u00e4nligen kontakta oss.<\/li>\n<\/ul>","protected":false},"excerpt":{"rendered":"<p>Bem-vindo ao My Info Apps. Estes Termos de Uso (\u201cTermos\u201d) regem seu acesso e uso do nosso site https:\/\/myinfoapps.com, um portal dedicado a fornecer recomenda\u00e7\u00f5es e informa\u00e7\u00f5es sobre aplicativos de celular de diversos temas. Ao acessar ou usar o My Info Apps, voc\u00ea concorda em cumprir estes Termos. 1. Servi\u00e7os do My Info Apps 2. [&hellip;]<\/p>\n","protected":false},"author":1,"featured_media":0,"parent":0,"menu_order":0,"comment_status":"closed","ping_status":"closed","template":"","meta":{"footnotes":""},"class_list":["post-753","page","type-page","status-publish"],"_links":{"self":[{"href":"https:\/\/myinfoapps.com\/sv\/wp-json\/wp\/v2\/pages\/753","targetHints":{"allow":["GET"]}}],"collection":[{"href":"https:\/\/myinfoapps.com\/sv\/wp-json\/wp\/v2\/pages"}],"about":[{"href":"https:\/\/myinfoapps.com\/sv\/wp-json\/wp\/v2\/types\/page"}],"author":[{"embeddable":true,"href":"https:\/\/myinfoapps.com\/sv\/wp-json\/wp\/v2\/users\/1"}],"replies":[{"embeddable":true,"href":"https:\/\/myinfoapps.com\/sv\/wp-json\/wp\/v2\/comments?post=753"}],"version-history":[{"count":1,"href":"https:\/\/myinfoapps.com\/sv\/wp-json\/wp\/v2\/pages\/753\/revisions"}],"predecessor-version":[{"id":754,"href":"https:\/\/myinfoapps.com\/sv\/wp-json\/wp\/v2\/pages\/753\/revisions\/754"}],"wp:attachment":[{"href":"https:\/\/myinfoapps.com\/sv\/wp-json\/wp\/v2\/media?parent=753"}],"curies":[{"name":"wp","href":"https:\/\/api.w.org\/{rel}","templated":true}]}}