{"id":751,"date":"2024-06-18T03:52:01","date_gmt":"2024-06-18T03:52:01","guid":{"rendered":"https:\/\/myinfoapps.com\/?page_id=751"},"modified":"2024-06-18T03:52:02","modified_gmt":"2024-06-18T03:52:02","slug":"pravilnik-o-zasebnosti","status":"publish","type":"page","link":"https:\/\/myinfoapps.com\/sl\/politica-de-privacidade\/","title":{"rendered":"Politika zasebnosti"},"content":{"rendered":"<p>Dobrodo\u0161li v <a href=\"https:\/\/myinfoapps.com\/sl\/\">Moje informacijske aplikacije<\/a>. Ta politika zasebnosti opisuje, kako zbiramo, uporabljamo in delimo podatke o vas, ko dostopate do na\u0161ega spletnega mesta ali ga uporabljate.<\/p>\n\n\n\n<h2 class=\"wp-block-heading\">1. Podatki, ki jih zbiramo<\/h2>\n\n\n\n<ul class=\"wp-block-list\">\n<li><strong>Osebni podatki:<\/strong> Zbiramo osebne podatke, ki nam jih prostovoljno posredujete, kot so va\u0161e ime, e-po\u0161tni naslov in drugi kontaktni podatki, ko se prijavite za prejemanje posodobitev ali komunikacijo z nami.<\/li>\n\n\n\n<li><strong>Podatki o uporabi:<\/strong> Samodejno zbiramo podatke o tem, kako dostopate do spletnega mesta in ga uporabljate, vklju\u010dno z vrsto naprave, spletnim brskalnikom, obiskanimi stranmi, kliki, vzorci uporabe in drugimi podatki o uporabi.<\/li>\n\n\n\n<li><strong>Pi\u0161kotki in tehnologije sledenja:<\/strong> Za prilagajanje va\u0161e izku\u0161nje in zbiranje podatkov o va\u0161i interakciji s spletnim mestom in prikazanimi oglasi uporabljamo pi\u0161kotke in tehnologije sledenja.<\/li>\n<\/ul>\n\n\n\n<h2 class=\"wp-block-heading\">2. Uporaba informacij<\/h2>\n\n\n\n<p>Va\u0161e podatke uporabljamo za:<\/p>\n\n\n\n<ul class=\"wp-block-list\">\n<li>Za zagotavljanje, vzdr\u017eevanje in izbolj\u0161evanje na\u0161ega spletnega mesta in storitev.<\/li>\n\n\n\n<li>Za komunikacijo z vami, odgovarjanje na va\u0161a vpra\u0161anja in zahteve.<\/li>\n\n\n\n<li>Prikazujte prilagojene oglase in izvajajte analizo podatkov.<\/li>\n<\/ul>\n\n\n\n<h2 class=\"wp-block-heading\">3. Izmenjava informacij<\/h2>\n\n\n\n<p>Va\u0161e podatke lahko delimo s tretjimi osebami v naslednjih okoli\u0161\u010dinah:<\/p>\n\n\n\n<ul class=\"wp-block-list\">\n<li><strong>Ponudniki storitev:<\/strong> Informacije delimo s ponudniki, ki nam pomagajo pri upravljanju spletnega mesta, kot so ponudniki spletnega gostovanja in analize podatkov.<\/li>\n\n\n\n<li><strong>Google Ad Exchange:<\/strong> Kot je potrebno za prikazovanje oglasov prek storitve Google Ad Exchange.<\/li>\n\n\n\n<li><strong>Pravna skladnost:<\/strong> Kadar je to potrebno za skladnost z zakonom ali odzivanje na pravne postopke.<\/li>\n<\/ul>\n\n\n\n<h2 class=\"wp-block-heading\">4. Google AdSense<\/h2>\n\n\n\n<ul class=\"wp-block-list\">\n<li>V skladu s pogoji storitve Google AdSense vas obve\u0161\u010damo, da Google kot zunanji ponudnik uporablja pi\u0161kotke za prikazovanje oglasov na na\u0161i spletni strani.<\/li>\n\n\n\n<li>Googlova uporaba pi\u0161kotka DART mu omogo\u010da prikazovanje oglasov na\u0161im uporabnikom na podlagi njihovih obiskov na\u0161ega spletnega mesta in drugih spletnih mest na internetu.<\/li>\n\n\n\n<li>Uporabniki se lahko odlo\u010dijo za uporabo pi\u0161kotka DART tako, da si ogledajo pravilnik o zasebnosti za oglase in omre\u017eje z vsebinami Google.<\/li>\n<\/ul>\n\n\n\n<h2 class=\"wp-block-heading\">5. Spremembe politike zasebnosti<\/h2>\n\n\n\n<p>Na\u0161o politiko zasebnosti lahko ob\u010dasno posodobimo. O vseh spremembah vas bomo obvestili z objavo nove politike zasebnosti na tej strani.<\/p>\n\n\n\n<h2 class=\"wp-block-heading\">6. Kontakt<\/h2>\n\n\n\n<p>\u010ce imate kakr\u0161na koli vpra\u0161anja o tej politiki zasebnosti, se obrnite na nas.<\/p>","protected":false},"excerpt":{"rendered":"<p>Bem-vindo ao My Info Apps. Esta pol\u00edtica de privacidade descreve como coletamos, usamos e compartilhamos informa\u00e7\u00f5es sobre voc\u00ea quando acessa ou usa nosso site. 1. Informa\u00e7\u00f5es que Coletamos 2. Uso de Informa\u00e7\u00f5es Utilizamos suas informa\u00e7\u00f5es para: 3. Compartilhamento de Informa\u00e7\u00f5es Podemos compartilhar suas informa\u00e7\u00f5es com terceiros nas seguintes circunst\u00e2ncias: 4. Google AdSense 5. Altera\u00e7\u00f5es \u00e0 [&hellip;]<\/p>\n","protected":false},"author":1,"featured_media":0,"parent":0,"menu_order":0,"comment_status":"closed","ping_status":"closed","template":"","meta":{"footnotes":""},"class_list":["post-751","page","type-page","status-publish"],"_links":{"self":[{"href":"https:\/\/myinfoapps.com\/sl\/wp-json\/wp\/v2\/pages\/751","targetHints":{"allow":["GET"]}}],"collection":[{"href":"https:\/\/myinfoapps.com\/sl\/wp-json\/wp\/v2\/pages"}],"about":[{"href":"https:\/\/myinfoapps.com\/sl\/wp-json\/wp\/v2\/types\/page"}],"author":[{"embeddable":true,"href":"https:\/\/myinfoapps.com\/sl\/wp-json\/wp\/v2\/users\/1"}],"replies":[{"embeddable":true,"href":"https:\/\/myinfoapps.com\/sl\/wp-json\/wp\/v2\/comments?post=751"}],"version-history":[{"count":1,"href":"https:\/\/myinfoapps.com\/sl\/wp-json\/wp\/v2\/pages\/751\/revisions"}],"predecessor-version":[{"id":752,"href":"https:\/\/myinfoapps.com\/sl\/wp-json\/wp\/v2\/pages\/751\/revisions\/752"}],"wp:attachment":[{"href":"https:\/\/myinfoapps.com\/sl\/wp-json\/wp\/v2\/media?parent=751"}],"curies":[{"name":"delovni list","href":"https:\/\/api.w.org\/{rel}","templated":true}]}}