{"id":753,"date":"2024-06-18T03:52:48","date_gmt":"2024-06-18T03:52:48","guid":{"rendered":"https:\/\/myinfoapps.com\/?page_id=753"},"modified":"2024-06-18T03:52:49","modified_gmt":"2024-06-18T03:52:49","slug":"%d1%83%d1%81%d0%bb%d0%be%d0%b2%d0%b8%d1%8f-%d1%8d%d0%ba%d1%81%d0%bf%d0%bb%d1%83%d0%b0%d1%82%d0%b0%d1%86%d0%b8%d0%b8","status":"publish","type":"page","link":"https:\/\/myinfoapps.com\/ru\/termos-de-uso\/","title":{"rendered":"\u0423\u0441\u043b\u043e\u0432\u0438\u044f \u044d\u043a\u0441\u043f\u043b\u0443\u0430\u0442\u0430\u0446\u0438\u0438"},"content":{"rendered":"<p>\u0414\u043e\u0431\u0440\u043e \u043f\u043e\u0436\u0430\u043b\u043e\u0432\u0430\u0442\u044c \u0432 <a href=\"https:\/\/myinfoapps.com\/ru\/\">\u041c\u043e\u0438 \u0438\u043d\u0444\u043e\u0440\u043c\u0430\u0446\u0438\u043e\u043d\u043d\u044b\u0435 \u043f\u0440\u0438\u043b\u043e\u0436\u0435\u043d\u0438\u044f<\/a>. \u041d\u0430\u0441\u0442\u043e\u044f\u0449\u0438\u0435 \u0423\u0441\u043b\u043e\u0432\u0438\u044f \u0438\u0441\u043f\u043e\u043b\u044c\u0437\u043e\u0432\u0430\u043d\u0438\u044f (\u00ab\u0423\u0441\u043b\u043e\u0432\u0438\u044f\u00bb) \u0440\u0435\u0433\u0443\u043b\u0438\u0440\u0443\u044e\u0442 \u0432\u0430\u0448 \u0434\u043e\u0441\u0442\u0443\u043f \u0438 \u0438\u0441\u043f\u043e\u043b\u044c\u0437\u043e\u0432\u0430\u043d\u0438\u0435 \u043d\u0430\u0448\u0435\u0433\u043e \u0432\u0435\u0431-\u0441\u0430\u0439\u0442\u0430 https:\/\/myinfoapps.com, \u043f\u043e\u0440\u0442\u0430\u043b\u0430, \u043f\u043e\u0441\u0432\u044f\u0449\u0435\u043d\u043d\u043e\u0433\u043e \u043f\u0440\u0435\u0434\u043e\u0441\u0442\u0430\u0432\u043b\u0435\u043d\u0438\u044e \u0440\u0435\u043a\u043e\u043c\u0435\u043d\u0434\u0430\u0446\u0438\u0439 \u0438 \u0438\u043d\u0444\u043e\u0440\u043c\u0430\u0446\u0438\u0438 \u043e \u043c\u043e\u0431\u0438\u043b\u044c\u043d\u044b\u0445 \u043f\u0440\u0438\u043b\u043e\u0436\u0435\u043d\u0438\u044f\u0445 \u043f\u043e \u0440\u0430\u0437\u043b\u0438\u0447\u043d\u044b\u043c \u0442\u0435\u043c\u0430\u043c. \u041f\u0440\u0438 \u0434\u043e\u0441\u0442\u0443\u043f\u0435 \u0438\u043b\u0438 \u0438\u0441\u043f\u043e\u043b\u044c\u0437\u043e\u0432\u0430\u043d\u0438\u0438 <a href=\"https:\/\/myinfoapps.com\/ru\/\">\u041c\u043e\u0438 \u0438\u043d\u0444\u043e\u0440\u043c\u0430\u0446\u0438\u043e\u043d\u043d\u044b\u0435 \u043f\u0440\u0438\u043b\u043e\u0436\u0435\u043d\u0438\u044f<\/a>, \u0432\u044b \u0441\u043e\u0433\u043b\u0430\u0448\u0430\u0435\u0442\u0435\u0441\u044c \u0441\u043e\u0431\u043b\u044e\u0434\u0430\u0442\u044c \u043d\u0430\u0441\u0442\u043e\u044f\u0449\u0438\u0435 \u0423\u0441\u043b\u043e\u0432\u0438\u044f.<\/p>\n\n\n\n<h2 class=\"wp-block-heading\">1. \u0421\u043b\u0443\u0436\u0431\u044b \u043c\u043e\u0438\u0445 \u0438\u043d\u0444\u043e\u0440\u043c\u0430\u0446\u0438\u043e\u043d\u043d\u044b\u0445 \u043f\u0440\u0438\u043b\u043e\u0436\u0435\u043d\u0438\u0439<\/h2>\n\n\n\n<ul class=\"wp-block-list\">\n<li>My Info Apps \u043f\u0440\u0435\u0434\u043b\u0430\u0433\u0430\u0435\u0442 \u0440\u0435\u043a\u043e\u043c\u0435\u043d\u0434\u0430\u0446\u0438\u0438 \u043f\u043e \u043c\u043e\u0431\u0438\u043b\u044c\u043d\u044b\u043c \u043f\u0440\u0438\u043b\u043e\u0436\u0435\u043d\u0438\u044f\u043c \u0438 \u0441\u043e\u043e\u0442\u0432\u0435\u0442\u0441\u0442\u0432\u0443\u044e\u0449\u0438\u0439 \u043a\u043e\u043d\u0442\u0435\u043d\u0442.<\/li>\n\n\n\n<li>\u041c\u044b \u043d\u0435 \u0432\u043b\u0430\u0434\u0435\u0435\u043c \u0440\u0435\u043a\u043e\u043c\u0435\u043d\u0434\u0443\u0435\u043c\u044b\u043c\u0438 \u043f\u0440\u0438\u043b\u043e\u0436\u0435\u043d\u0438\u044f\u043c\u0438 \u0438 \u043d\u0435 \u0440\u0430\u0437\u0440\u0430\u0431\u0430\u0442\u044b\u0432\u0430\u0435\u043c \u0438\u0445. \u0420\u0435\u043a\u043e\u043c\u0435\u043d\u0434\u0430\u0446\u0438\u0438 \u043e\u0441\u043d\u043e\u0432\u0430\u043d\u044b \u043d\u0430 \u0441\u043e\u0431\u0441\u0442\u0432\u0435\u043d\u043d\u044b\u0445 \u0438\u0441\u0441\u043b\u0435\u0434\u043e\u0432\u0430\u043d\u0438\u044f\u0445 \u0438 \u0430\u043d\u0430\u043b\u0438\u0437\u0435.<\/li>\n\n\n\n<li>\u041d\u0430\u0448\u0438 \u0443\u0441\u043b\u0443\u0433\u0438 \u043c\u043e\u043d\u0435\u0442\u0438\u0437\u0438\u0440\u0443\u044e\u0442\u0441\u044f \u043f\u043e\u0441\u0440\u0435\u0434\u0441\u0442\u0432\u043e\u043c \u0440\u0435\u043a\u043b\u0430\u043c\u044b Google AdSense\/Ad Exchange.<\/li>\n<\/ul>\n\n\n\n<h2 class=\"wp-block-heading\">2. \u0418\u0441\u043f\u043e\u043b\u044c\u0437\u043e\u0432\u0430\u043d\u0438\u0435 \u0421\u0430\u0439\u0442\u0430<\/h2>\n\n\n\n<ul class=\"wp-block-list\">\n<li>\u0412\u044b \u0441\u043e\u0433\u043b\u0430\u0448\u0430\u0435\u0442\u0435\u0441\u044c \u0438\u0441\u043f\u043e\u043b\u044c\u0437\u043e\u0432\u0430\u0442\u044c My Info Apps \u0442\u043e\u043b\u044c\u043a\u043e \u0432 \u0437\u0430\u043a\u043e\u043d\u043d\u044b\u0445 \u0446\u0435\u043b\u044f\u0445 \u0438 \u0432 \u0441\u043e\u043e\u0442\u0432\u0435\u0442\u0441\u0442\u0432\u0438\u0438 \u0441 \u043d\u0430\u0441\u0442\u043e\u044f\u0449\u0438\u043c\u0438 \u0423\u0441\u043b\u043e\u0432\u0438\u044f\u043c\u0438.<\/li>\n\n\n\n<li>\u0412\u044b \u043d\u0435 \u0434\u043e\u043b\u0436\u043d\u044b \u0438\u0441\u043f\u043e\u043b\u044c\u0437\u043e\u0432\u0430\u0442\u044c \u0412\u0435\u0431-\u0441\u0430\u0439\u0442 \u043a\u0430\u043a\u0438\u043c-\u043b\u0438\u0431\u043e \u043e\u0431\u0440\u0430\u0437\u043e\u043c, \u043a\u043e\u0442\u043e\u0440\u044b\u0439 \u043c\u043e\u0436\u0435\u0442 \u043f\u043e\u0432\u0440\u0435\u0434\u0438\u0442\u044c, \u0432\u044b\u0432\u0435\u0441\u0442\u0438 \u0438\u0437 \u0441\u0442\u0440\u043e\u044f \u0438\u043b\u0438 \u043f\u0435\u0440\u0435\u0433\u0440\u0443\u0437\u0438\u0442\u044c \u0435\u0433\u043e.<\/li>\n\n\n\n<li>\u0421\u043e\u0434\u0435\u0440\u0436\u0438\u043c\u043e\u0435 My Info Apps, \u0432\u043a\u043b\u044e\u0447\u0430\u044f \u0442\u0435\u043a\u0441\u0442, \u0433\u0440\u0430\u0444\u0438\u043a\u0443 \u0438 \u0438\u0437\u043e\u0431\u0440\u0430\u0436\u0435\u043d\u0438\u044f, \u0437\u0430\u0449\u0438\u0449\u0435\u043d\u043e \u0430\u0432\u0442\u043e\u0440\u0441\u043a\u0438\u043c \u043f\u0440\u0430\u0432\u043e\u043c \u0438 \u044f\u0432\u043b\u044f\u0435\u0442\u0441\u044f \u0441\u043e\u0431\u0441\u0442\u0432\u0435\u043d\u043d\u043e\u0441\u0442\u044c\u044e My Info Apps \u0438\u043b\u0438 \u0435\u0435 \u043b\u0438\u0446\u0435\u043d\u0437\u0438\u0430\u0440\u043e\u0432.<\/li>\n<\/ul>\n\n\n\n<h2 class=\"wp-block-heading\">3. \u041e\u0442\u043a\u0430\u0437 \u043e\u0442 \u043e\u0442\u0432\u0435\u0442\u0441\u0442\u0432\u0435\u043d\u043d\u043e\u0441\u0442\u0438<\/h2>\n\n\n\n<ul class=\"wp-block-list\">\n<li>My Info Apps \u043d\u0435 \u043d\u0435\u0441\u0435\u0442 \u043e\u0442\u0432\u0435\u0442\u0441\u0442\u0432\u0435\u043d\u043d\u043e\u0441\u0442\u0438 \u0437\u0430 \u0442\u043e\u0447\u043d\u043e\u0441\u0442\u044c, \u0431\u0435\u0437\u043e\u043f\u0430\u0441\u043d\u043e\u0441\u0442\u044c \u0438 \u043d\u0430\u0434\u0435\u0436\u043d\u043e\u0441\u0442\u044c \u0440\u0435\u043a\u043e\u043c\u0435\u043d\u0434\u0443\u0435\u043c\u044b\u0445 \u043f\u0440\u0438\u043b\u043e\u0436\u0435\u043d\u0438\u0439.<\/li>\n\n\n\n<li>\u041c\u044b \u043d\u0435 \u043d\u0435\u0441\u0435\u043c \u043e\u0442\u0432\u0435\u0442\u0441\u0442\u0432\u0435\u043d\u043d\u043e\u0441\u0442\u0438 \u0437\u0430 \u043b\u044e\u0431\u043e\u0439 \u0443\u0449\u0435\u0440\u0431 \u0438\u043b\u0438 \u0443\u0431\u044b\u0442\u043a\u0438, \u0432\u043e\u0437\u043d\u0438\u043a\u0448\u0438\u0435 \u0432 \u0440\u0435\u0437\u0443\u043b\u044c\u0442\u0430\u0442\u0435 \u0438\u0441\u043f\u043e\u043b\u044c\u0437\u043e\u0432\u0430\u043d\u0438\u044f \u043f\u0440\u0438\u043b\u043e\u0436\u0435\u043d\u0438\u0439, \u0440\u0435\u043a\u043e\u043c\u0435\u043d\u0434\u043e\u0432\u0430\u043d\u043d\u044b\u0445 \u043d\u0430 \u043d\u0430\u0448\u0435\u043c \u0441\u0430\u0439\u0442\u0435.<\/li>\n<\/ul>\n\n\n\n<h2 class=\"wp-block-heading\">4. \u041f\u0440\u0430\u0432\u0430 \u0438\u043d\u0442\u0435\u043b\u043b\u0435\u043a\u0442\u0443\u0430\u043b\u044c\u043d\u043e\u0439 \u0441\u043e\u0431\u0441\u0442\u0432\u0435\u043d\u043d\u043e\u0441\u0442\u0438<\/h2>\n\n\n\n<ul class=\"wp-block-list\">\n<li>\u0412\u0435\u0441\u044c \u043a\u043e\u043d\u0442\u0435\u043d\u0442 My Info Apps \u044f\u0432\u043b\u044f\u0435\u0442\u0441\u044f \u0441\u043e\u0431\u0441\u0442\u0432\u0435\u043d\u043d\u043e\u0441\u0442\u044c\u044e My Info Apps \u0438\u043b\u0438 \u0435\u0435 \u043b\u0438\u0446\u0435\u043d\u0437\u0438\u0430\u0440\u043e\u0432 \u0438 \u0437\u0430\u0449\u0438\u0449\u0435\u043d \u0430\u0432\u0442\u043e\u0440\u0441\u043a\u0438\u043c\u0438 \u043f\u0440\u0430\u0432\u0430\u043c\u0438, \u0442\u043e\u0432\u0430\u0440\u043d\u044b\u043c\u0438 \u0437\u043d\u0430\u043a\u0430\u043c\u0438 \u0438 \u0434\u0440\u0443\u0433\u0438\u043c\u0438 \u0437\u0430\u043a\u043e\u043d\u0430\u043c\u0438 \u043e\u0431 \u0438\u043d\u0442\u0435\u043b\u043b\u0435\u043a\u0442\u0443\u0430\u043b\u044c\u043d\u043e\u0439 \u0441\u043e\u0431\u0441\u0442\u0432\u0435\u043d\u043d\u043e\u0441\u0442\u0438.<\/li>\n\n\n\n<li>\u041d\u0438\u043a\u0430\u043a\u043e\u0439 \u043a\u043e\u043d\u0442\u0435\u043d\u0442 \u0441 \u0432\u0435\u0431-\u0441\u0430\u0439\u0442\u0430 \u043d\u0435 \u043c\u043e\u0436\u0435\u0442 \u0431\u044b\u0442\u044c \u0441\u043a\u043e\u043f\u0438\u0440\u043e\u0432\u0430\u043d, \u0432\u043e\u0441\u043f\u0440\u043e\u0438\u0437\u0432\u0435\u0434\u0435\u043d, \u043f\u0435\u0440\u0435\u0438\u0437\u0434\u0430\u043d, \u0437\u0430\u0433\u0440\u0443\u0436\u0435\u043d, \u043e\u043f\u0443\u0431\u043b\u0438\u043a\u043e\u0432\u0430\u043d, \u043f\u0435\u0440\u0435\u0434\u0430\u043d \u0438\u043b\u0438 \u0440\u0430\u0441\u043f\u0440\u043e\u0441\u0442\u0440\u0430\u043d\u0435\u043d \u043a\u0430\u043a\u0438\u043c-\u043b\u0438\u0431\u043e \u043e\u0431\u0440\u0430\u0437\u043e\u043c \u0431\u0435\u0437 \u043d\u0430\u0448\u0435\u0433\u043e \u043f\u0438\u0441\u044c\u043c\u0435\u043d\u043d\u043e\u0433\u043e \u0440\u0430\u0437\u0440\u0435\u0448\u0435\u043d\u0438\u044f.<\/li>\n<\/ul>\n\n\n\n<h2 class=\"wp-block-heading\">5. \u0420\u0435\u043a\u043b\u0430\u043c\u0430 \u0438 \u0441\u0442\u043e\u0440\u043e\u043d\u043d\u0438\u0435 \u0441\u0441\u044b\u043b\u043a\u0438<\/h2>\n\n\n\n<ul class=\"wp-block-list\">\n<li>\u041d\u0430 \u043d\u0430\u0448\u0435\u043c \u0432\u0435\u0431-\u0441\u0430\u0439\u0442\u0435 \u043e\u0442\u043e\u0431\u0440\u0430\u0436\u0430\u0435\u0442\u0441\u044f \u0440\u0435\u043a\u043b\u0430\u043c\u0430, \u043f\u0440\u0435\u0434\u043e\u0441\u0442\u0430\u0432\u043b\u044f\u0435\u043c\u0430\u044f Google AdSense\/Ad Exchange.<\/li>\n\n\n\n<li>\u041c\u044b \u043c\u043e\u0436\u0435\u043c \u0432\u043a\u043b\u044e\u0447\u0430\u0442\u044c \u0441\u0441\u044b\u043b\u043a\u0438 \u043d\u0430 \u0441\u0442\u043e\u0440\u043e\u043d\u043d\u0438\u0435 \u0432\u0435\u0431-\u0441\u0430\u0439\u0442\u044b; \u0442\u0430\u043a\u0438\u0435 \u0441\u0441\u044b\u043b\u043a\u0438 \u043d\u0435 \u043e\u0437\u043d\u0430\u0447\u0430\u044e\u0442 \u043e\u0434\u043e\u0431\u0440\u0435\u043d\u0438\u044f \u044d\u0442\u0438\u0445 \u0441\u0430\u0439\u0442\u043e\u0432.<\/li>\n<\/ul>\n\n\n\n<h2 class=\"wp-block-heading\">6. \u0418\u0437\u043c\u0435\u043d\u0435\u043d\u0438\u044f \u0423\u0441\u043b\u043e\u0432\u0438\u0439<\/h2>\n\n\n\n<ul class=\"wp-block-list\">\n<li>My Info Apps \u043e\u0441\u0442\u0430\u0432\u043b\u044f\u0435\u0442 \u0437\u0430 \u0441\u043e\u0431\u043e\u0439 \u043f\u0440\u0430\u0432\u043e \u0438\u0437\u043c\u0435\u043d\u044f\u0442\u044c \u043d\u0430\u0441\u0442\u043e\u044f\u0449\u0438\u0435 \u0423\u0441\u043b\u043e\u0432\u0438\u044f \u0432 \u043b\u044e\u0431\u043e\u0435 \u0432\u0440\u0435\u043c\u044f. \u0412\u0430\u0448\u0435 \u0434\u0430\u043b\u044c\u043d\u0435\u0439\u0448\u0435\u0435 \u043f\u043e\u0441\u0435\u0449\u0435\u043d\u0438\u0435 \u0438 \u0438\u0441\u043f\u043e\u043b\u044c\u0437\u043e\u0432\u0430\u043d\u0438\u0435 \u0441\u0430\u0439\u0442\u0430 \u043e\u0437\u043d\u0430\u0447\u0430\u0435\u0442 \u0432\u0430\u0448\u0435 \u0441\u043e\u0433\u043b\u0430\u0441\u0438\u0435 \u0441 \u0442\u0430\u043a\u0438\u043c\u0438 \u0438\u0437\u043c\u0435\u043d\u0435\u043d\u0438\u044f\u043c\u0438.<\/li>\n<\/ul>\n\n\n\n<h2 class=\"wp-block-heading\">7. \u041a\u043e\u043d\u0442\u0430\u043a\u0442<\/h2>\n\n\n\n<ul class=\"wp-block-list\">\n<li>\u0415\u0441\u043b\u0438 \u0443 \u0432\u0430\u0441 \u0435\u0441\u0442\u044c \u0432\u043e\u043f\u0440\u043e\u0441\u044b \u0438\u043b\u0438 \u0441\u043e\u043c\u043d\u0435\u043d\u0438\u044f \u043f\u043e \u043f\u043e\u0432\u043e\u0434\u0443 \u043d\u0430\u0441\u0442\u043e\u044f\u0449\u0438\u0445 \u0423\u0441\u043b\u043e\u0432\u0438\u0439 \u0438\u0441\u043f\u043e\u043b\u044c\u0437\u043e\u0432\u0430\u043d\u0438\u044f, \u0441\u0432\u044f\u0436\u0438\u0442\u0435\u0441\u044c \u0441 \u043d\u0430\u043c\u0438.<\/li>\n<\/ul>","protected":false},"excerpt":{"rendered":"<p>Bem-vindo ao My Info Apps. Estes Termos de Uso (\u201cTermos\u201d) regem seu acesso e uso do nosso site https:\/\/myinfoapps.com, um portal dedicado a fornecer recomenda\u00e7\u00f5es e informa\u00e7\u00f5es sobre aplicativos de celular de diversos temas. Ao acessar ou usar o My Info Apps, voc\u00ea concorda em cumprir estes Termos. 1. Servi\u00e7os do My Info Apps 2. [&hellip;]<\/p>\n","protected":false},"author":1,"featured_media":0,"parent":0,"menu_order":0,"comment_status":"closed","ping_status":"closed","template":"","meta":{"footnotes":""},"class_list":["post-753","page","type-page","status-publish"],"_links":{"self":[{"href":"https:\/\/myinfoapps.com\/ru\/wp-json\/wp\/v2\/pages\/753","targetHints":{"allow":["GET"]}}],"collection":[{"href":"https:\/\/myinfoapps.com\/ru\/wp-json\/wp\/v2\/pages"}],"about":[{"href":"https:\/\/myinfoapps.com\/ru\/wp-json\/wp\/v2\/types\/page"}],"author":[{"embeddable":true,"href":"https:\/\/myinfoapps.com\/ru\/wp-json\/wp\/v2\/users\/1"}],"replies":[{"embeddable":true,"href":"https:\/\/myinfoapps.com\/ru\/wp-json\/wp\/v2\/comments?post=753"}],"version-history":[{"count":1,"href":"https:\/\/myinfoapps.com\/ru\/wp-json\/wp\/v2\/pages\/753\/revisions"}],"predecessor-version":[{"id":754,"href":"https:\/\/myinfoapps.com\/ru\/wp-json\/wp\/v2\/pages\/753\/revisions\/754"}],"wp:attachment":[{"href":"https:\/\/myinfoapps.com\/ru\/wp-json\/wp\/v2\/media?parent=753"}],"curies":[{"name":"WP","href":"https:\/\/api.w.org\/{rel}","templated":true}]}}