{"id":755,"date":"2024-06-18T03:53:09","date_gmt":"2024-06-18T03:53:09","guid":{"rendered":"https:\/\/myinfoapps.com\/?page_id=755"},"modified":"2024-06-18T03:53:10","modified_gmt":"2024-06-18T03:53:10","slug":"kontakt","status":"publish","type":"page","link":"https:\/\/myinfoapps.com\/pl\/contato\/","title":{"rendered":"Kontakt"},"content":{"rendered":"<p>Je\u015bli masz jakie\u015b pytania, sugestie lub komplementy, wy\u015blij e-mail na adres: contato@infostec.com<\/p>","protected":false},"excerpt":{"rendered":"<p>Je\u015bli masz jakie\u015b pytania, sugestie lub komplementy, wy\u015blij e-mail na adres: contato@infostec.com<\/p>","protected":false},"author":1,"featured_media":0,"parent":0,"menu_order":0,"comment_status":"closed","ping_status":"closed","template":"","meta":{"footnotes":""},"class_list":["post-755","page","type-page","status-publish"],"_links":{"self":[{"href":"https:\/\/myinfoapps.com\/pl\/wp-json\/wp\/v2\/pages\/755","targetHints":{"allow":["GET"]}}],"collection":[{"href":"https:\/\/myinfoapps.com\/pl\/wp-json\/wp\/v2\/pages"}],"about":[{"href":"https:\/\/myinfoapps.com\/pl\/wp-json\/wp\/v2\/types\/page"}],"author":[{"embeddable":true,"href":"https:\/\/myinfoapps.com\/pl\/wp-json\/wp\/v2\/users\/1"}],"replies":[{"embeddable":true,"href":"https:\/\/myinfoapps.com\/pl\/wp-json\/wp\/v2\/comments?post=755"}],"version-history":[{"count":1,"href":"https:\/\/myinfoapps.com\/pl\/wp-json\/wp\/v2\/pages\/755\/revisions"}],"predecessor-version":[{"id":756,"href":"https:\/\/myinfoapps.com\/pl\/wp-json\/wp\/v2\/pages\/755\/revisions\/756"}],"wp:attachment":[{"href":"https:\/\/myinfoapps.com\/pl\/wp-json\/wp\/v2\/media?parent=755"}],"curies":[{"name":"wp","href":"https:\/\/api.w.org\/{rel}","templated":true}]}}