{"id":753,"date":"2024-06-18T03:52:48","date_gmt":"2024-06-18T03:52:48","guid":{"rendered":"https:\/\/myinfoapps.com\/?page_id=753"},"modified":"2024-06-18T03:52:49","modified_gmt":"2024-06-18T03:52:49","slug":"warunki-korzystania","status":"publish","type":"page","link":"https:\/\/myinfoapps.com\/pl\/termos-de-uso\/","title":{"rendered":"Warunki korzystania"},"content":{"rendered":"<p>Witamy w <a href=\"https:\/\/myinfoapps.com\/pl\/\">Moje aplikacje informacyjne<\/a>. Niniejsze Warunki korzystania (\u201eWarunki\u201d) reguluj\u0105 dost\u0119p i korzystanie z naszej witryny internetowej https:\/\/myinfoapps.com, portalu po\u015bwi\u0119conego udost\u0119pnianiu rekomendacji i informacji na temat aplikacji mobilnych na r\u00f3\u017cne tematy. Podczas uzyskiwania dost\u0119pu lub korzystania z <a href=\"https:\/\/myinfoapps.com\/pl\/\">Moje aplikacje informacyjne<\/a>, zgadzasz si\u0119 przestrzega\u0107 niniejszych Warunk\u00f3w.<\/p>\n\n\n\n<h2 class=\"wp-block-heading\">1. Us\u0142ugi aplikacji Moje informacje<\/h2>\n\n\n\n<ul class=\"wp-block-list\">\n<li>Moje aplikacje informacyjne oferuj\u0105 rekomendacje aplikacji mobilnych i powi\u0105zane tre\u015bci.<\/li>\n\n\n\n<li>Nie jeste\u015bmy w\u0142a\u015bcicielami ani nie rozwijamy zalecanych aplikacji. Rekomendacje opieraj\u0105 si\u0119 na w\u0142asnych badaniach i analizach.<\/li>\n\n\n\n<li>Nasze us\u0142ugi zarabiaj\u0105 na reklamach Google AdSense\/Ad Exchange.<\/li>\n<\/ul>\n\n\n\n<h2 class=\"wp-block-heading\">2. Korzystanie z Witryny<\/h2>\n\n\n\n<ul class=\"wp-block-list\">\n<li>Wyra\u017casz zgod\u0119 na korzystanie z aplikacji My Info wy\u0142\u0105cznie w celach zgodnych z prawem i zgodnie z niniejszymi Warunkami.<\/li>\n\n\n\n<li>Nie wolno korzysta\u0107 z Serwisu w spos\u00f3b, kt\u00f3ry m\u00f3g\u0142by go uszkodzi\u0107, wy\u0142\u0105czy\u0107 lub przeci\u0105\u017cy\u0107.<\/li>\n\n\n\n<li>Zawarto\u015b\u0107 aplikacji My Info, w tym tekst, grafika i obrazy, jest chroniona prawem autorskim i stanowi w\u0142asno\u015b\u0107 firmy My Info Apps lub jej licencjodawc\u00f3w.<\/li>\n<\/ul>\n\n\n\n<h2 class=\"wp-block-heading\">3. Zastrze\u017cenie<\/h2>\n\n\n\n<ul class=\"wp-block-list\">\n<li>My Info Apps nie ponosi odpowiedzialno\u015bci za dok\u0142adno\u015b\u0107, bezpiecze\u0144stwo i niezawodno\u015b\u0107 polecanych aplikacji.<\/li>\n\n\n\n<li>Nie ponosimy odpowiedzialno\u015bci za jakiekolwiek szkody lub straty powsta\u0142e w wyniku korzystania z aplikacji polecanych na naszym serwisie.<\/li>\n<\/ul>\n\n\n\n<h2 class=\"wp-block-heading\">4. Prawa w\u0142asno\u015bci intelektualnej<\/h2>\n\n\n\n<ul class=\"wp-block-list\">\n<li>Ca\u0142a zawarto\u015b\u0107 My Info Apps jest w\u0142asno\u015bci\u0105 My Info Apps lub jej licencjodawc\u00f3w i jest chroniona prawami autorskimi, znakami towarowymi i innymi prawami w\u0142asno\u015bci intelektualnej.<\/li>\n\n\n\n<li>\u017badna tre\u015b\u0107 witryny nie mo\u017ce by\u0107 kopiowana, powielana, ponownie publikowana, przesy\u0142ana, publikowana, przesy\u0142ana lub rozpowszechniana w jakikolwiek spos\u00f3b bez naszej wyra\u017anej pisemnej zgody.<\/li>\n<\/ul>\n\n\n\n<h2 class=\"wp-block-heading\">5. Reklamy i linki stron trzecich<\/h2>\n\n\n\n<ul class=\"wp-block-list\">\n<li>Na naszej stronie internetowej wy\u015bwietlane s\u0105 reklamy dostarczane przez Google AdSense\/Ad Exchange.<\/li>\n\n\n\n<li>Mo\u017cemy do\u0142\u0105cza\u0107 linki do stron internetowych os\u00f3b trzecich; takie linki nie oznaczaj\u0105 poparcia tych witryn.<\/li>\n<\/ul>\n\n\n\n<h2 class=\"wp-block-heading\">6. Zmiany Regulaminu<\/h2>\n\n\n\n<ul class=\"wp-block-list\">\n<li>My Info Apps zastrzega sobie prawo do zmiany niniejszych Warunk\u00f3w w dowolnym momencie. Dalsze wizyty i korzystanie z witryny oznaczaj\u0105 akceptacj\u0119 takich modyfikacji.<\/li>\n<\/ul>\n\n\n\n<h2 class=\"wp-block-heading\">7. Kontakt<\/h2>\n\n\n\n<ul class=\"wp-block-list\">\n<li>Je\u015bli masz pytania lub w\u0105tpliwo\u015bci dotycz\u0105ce niniejszych Warunk\u00f3w u\u017cytkowania, skontaktuj si\u0119 z nami.<\/li>\n<\/ul>","protected":false},"excerpt":{"rendered":"<p>Bem-vindo ao My Info Apps. Estes Termos de Uso (\u201cTermos\u201d) regem seu acesso e uso do nosso site https:\/\/myinfoapps.com, um portal dedicado a fornecer recomenda\u00e7\u00f5es e informa\u00e7\u00f5es sobre aplicativos de celular de diversos temas. Ao acessar ou usar o My Info Apps, voc\u00ea concorda em cumprir estes Termos. 1. Servi\u00e7os do My Info Apps 2. [&hellip;]<\/p>\n","protected":false},"author":1,"featured_media":0,"parent":0,"menu_order":0,"comment_status":"closed","ping_status":"closed","template":"","meta":{"footnotes":""},"class_list":["post-753","page","type-page","status-publish"],"_links":{"self":[{"href":"https:\/\/myinfoapps.com\/pl\/wp-json\/wp\/v2\/pages\/753","targetHints":{"allow":["GET"]}}],"collection":[{"href":"https:\/\/myinfoapps.com\/pl\/wp-json\/wp\/v2\/pages"}],"about":[{"href":"https:\/\/myinfoapps.com\/pl\/wp-json\/wp\/v2\/types\/page"}],"author":[{"embeddable":true,"href":"https:\/\/myinfoapps.com\/pl\/wp-json\/wp\/v2\/users\/1"}],"replies":[{"embeddable":true,"href":"https:\/\/myinfoapps.com\/pl\/wp-json\/wp\/v2\/comments?post=753"}],"version-history":[{"count":1,"href":"https:\/\/myinfoapps.com\/pl\/wp-json\/wp\/v2\/pages\/753\/revisions"}],"predecessor-version":[{"id":754,"href":"https:\/\/myinfoapps.com\/pl\/wp-json\/wp\/v2\/pages\/753\/revisions\/754"}],"wp:attachment":[{"href":"https:\/\/myinfoapps.com\/pl\/wp-json\/wp\/v2\/media?parent=753"}],"curies":[{"name":"wp","href":"https:\/\/api.w.org\/{rel}","templated":true}]}}