{"id":751,"date":"2024-06-18T03:52:01","date_gmt":"2024-06-18T03:52:01","guid":{"rendered":"https:\/\/myinfoapps.com\/?page_id=751"},"modified":"2024-06-18T03:52:02","modified_gmt":"2024-06-18T03:52:02","slug":"polityka-prywatnosci","status":"publish","type":"page","link":"https:\/\/myinfoapps.com\/pl\/politica-de-privacidade\/","title":{"rendered":"Polityka prywatno\u015bci"},"content":{"rendered":"<p>Witamy w <a href=\"https:\/\/myinfoapps.com\/pl\/\">Moje aplikacje informacyjne<\/a>. Niniejsza polityka prywatno\u015bci opisuje spos\u00f3b gromadzenia, wykorzystywania i udost\u0119pniania danych osobowych u\u017cytkownik\u00f3w, gdy uzyskuj\u0105 oni dost\u0119p do naszej witryny internetowej lub z niej korzystaj\u0105.<\/p>\n\n\n\n<h2 class=\"wp-block-heading\">1. Informacje, kt\u00f3re zbieramy<\/h2>\n\n\n\n<ul class=\"wp-block-list\">\n<li><strong>Informacje osobiste:<\/strong> Gromadzimy dane osobowe, kt\u00f3re dobrowolnie przekazujesz, takie jak imi\u0119 i nazwisko, adres e-mail i inne dane kontaktowe, gdy zapisujesz si\u0119 do otrzymywania aktualizacji lub chcesz si\u0119 z nami komunikowa\u0107.<\/li>\n\n\n\n<li><strong>Dane dotycz\u0105ce u\u017cytkowania:<\/strong> Automatycznie zbieramy informacje o tym, w jaki spos\u00f3b uzyskujesz dost\u0119p do witryny internetowej i jak z niej korzystasz, w tym o typie urz\u0105dzenia, przegl\u0105darce internetowej, odwiedzanych stronach, klikni\u0119ciach, wzorcach u\u017cytkowania i innych informacjach o u\u017cytkowaniu.<\/li>\n\n\n\n<li><strong>Pliki cookie i technologie \u015bledzenia:<\/strong> U\u017cywamy plik\u00f3w cookie i technologii \u015bledzenia, aby spersonalizowa\u0107 Twoje do\u015bwiadczenia i zbiera\u0107 dane o Twojej interakcji ze stron\u0105 internetow\u0105 i wy\u015bwietlanymi reklamami.<\/li>\n<\/ul>\n\n\n\n<h2 class=\"wp-block-heading\">2. Wykorzystanie informacji<\/h2>\n\n\n\n<p>Wykorzystujemy Twoje dane do:<\/p>\n\n\n\n<ul class=\"wp-block-list\">\n<li>Aby udost\u0119pnia\u0107, utrzymywa\u0107 i udoskonala\u0107 nasz\u0105 witryn\u0119 internetow\u0105 i us\u0142ugi.<\/li>\n\n\n\n<li>Aby si\u0119 z Tob\u0105 komunikowa\u0107, odpowiada\u0107 na Twoje pytania i pro\u015bby.<\/li>\n\n\n\n<li>Wy\u015bwietlaj spersonalizowane reklamy i przeprowadzaj analiz\u0119 danych.<\/li>\n<\/ul>\n\n\n\n<h2 class=\"wp-block-heading\">3. Udost\u0119pnianie informacji<\/h2>\n\n\n\n<p>Mo\u017cemy udost\u0119pnia\u0107 Twoje dane osobom trzecim w nast\u0119puj\u0105cych okoliczno\u015bciach:<\/p>\n\n\n\n<ul class=\"wp-block-list\">\n<li><strong>Dostawcy us\u0142ug:<\/strong> Udost\u0119pniamy informacje dostawcom, kt\u00f3rzy pomagaj\u0105 nam w prowadzeniu witryny, takim jak dostawcy us\u0142ug hostingowych i analityki danych.<\/li>\n\n\n\n<li><strong>Google Ad Exchange:<\/strong> Zgodnie z wymaganiami wy\u015bwietlania reklam za po\u015brednictwem Google Ad Exchange.<\/li>\n\n\n\n<li><strong>Zgodno\u015b\u0107 z przepisami prawa:<\/strong> Gdy jest to konieczne w celu przestrzegania prawa lub w odpowiedzi na procesy prawne.<\/li>\n<\/ul>\n\n\n\n<h2 class=\"wp-block-heading\">4. Google AdSense<\/h2>\n\n\n\n<ul class=\"wp-block-list\">\n<li>Zgodnie z warunkami us\u0142ugi Google AdSense informujemy, \u017ce Google, jako zewn\u0119trzny dostawca, u\u017cywa plik\u00f3w cookie do wy\u015bwietlania reklam na naszej stronie internetowej.<\/li>\n\n\n\n<li>Pliki cookie DART umo\u017cliwiaj\u0105 firmie Google wy\u015bwietlanie naszym u\u017cytkownikom reklam na podstawie ich wizyt na naszej stronie i innych witrynach w Internecie.<\/li>\n\n\n\n<li>U\u017cytkownicy mog\u0105 zrezygnowa\u0107 z wykorzystywania plik\u00f3w cookie DART, zapoznaj\u0105c si\u0119 z Polityk\u0105 prywatno\u015bci Google Ads and Content Network.<\/li>\n<\/ul>\n\n\n\n<h2 class=\"wp-block-heading\">5. Zmiany w Polityce Prywatno\u015bci<\/h2>\n\n\n\n<p>Mo\u017cemy od czasu do czasu aktualizowa\u0107 nasz\u0105 Polityk\u0119 Prywatno\u015bci. Powiadomimy Ci\u0119 o wszelkich zmianach, publikuj\u0105c now\u0105 Polityk\u0119 Prywatno\u015bci na tej stronie.<\/p>\n\n\n\n<h2 class=\"wp-block-heading\">6. Kontakt<\/h2>\n\n\n\n<p>Je\u015bli masz jakiekolwiek pytania dotycz\u0105ce niniejszej Polityki prywatno\u015bci, skontaktuj si\u0119 z nami.<\/p>","protected":false},"excerpt":{"rendered":"<p>Bem-vindo ao My Info Apps. Esta pol\u00edtica de privacidade descreve como coletamos, usamos e compartilhamos informa\u00e7\u00f5es sobre voc\u00ea quando acessa ou usa nosso site. 1. Informa\u00e7\u00f5es que Coletamos 2. Uso de Informa\u00e7\u00f5es Utilizamos suas informa\u00e7\u00f5es para: 3. Compartilhamento de Informa\u00e7\u00f5es Podemos compartilhar suas informa\u00e7\u00f5es com terceiros nas seguintes circunst\u00e2ncias: 4. Google AdSense 5. Altera\u00e7\u00f5es \u00e0 [&hellip;]<\/p>\n","protected":false},"author":1,"featured_media":0,"parent":0,"menu_order":0,"comment_status":"closed","ping_status":"closed","template":"","meta":{"footnotes":""},"class_list":["post-751","page","type-page","status-publish"],"_links":{"self":[{"href":"https:\/\/myinfoapps.com\/pl\/wp-json\/wp\/v2\/pages\/751","targetHints":{"allow":["GET"]}}],"collection":[{"href":"https:\/\/myinfoapps.com\/pl\/wp-json\/wp\/v2\/pages"}],"about":[{"href":"https:\/\/myinfoapps.com\/pl\/wp-json\/wp\/v2\/types\/page"}],"author":[{"embeddable":true,"href":"https:\/\/myinfoapps.com\/pl\/wp-json\/wp\/v2\/users\/1"}],"replies":[{"embeddable":true,"href":"https:\/\/myinfoapps.com\/pl\/wp-json\/wp\/v2\/comments?post=751"}],"version-history":[{"count":1,"href":"https:\/\/myinfoapps.com\/pl\/wp-json\/wp\/v2\/pages\/751\/revisions"}],"predecessor-version":[{"id":752,"href":"https:\/\/myinfoapps.com\/pl\/wp-json\/wp\/v2\/pages\/751\/revisions\/752"}],"wp:attachment":[{"href":"https:\/\/myinfoapps.com\/pl\/wp-json\/wp\/v2\/media?parent=751"}],"curies":[{"name":"wp","href":"https:\/\/api.w.org\/{rel}","templated":true}]}}