{"id":753,"date":"2024-06-18T03:52:48","date_gmt":"2024-06-18T03:52:48","guid":{"rendered":"https:\/\/myinfoapps.com\/?page_id=753"},"modified":"2024-06-18T03:52:49","modified_gmt":"2024-06-18T03:52:49","slug":"gebruiksvoorwaarden","status":"publish","type":"page","link":"https:\/\/myinfoapps.com\/nl\/termos-de-uso\/","title":{"rendered":"Gebruiksvoorwaarden"},"content":{"rendered":"<p>Welkom bij <a href=\"https:\/\/myinfoapps.com\/nl\/\">Mijn Info-apps<\/a>. Deze gebruiksvoorwaarden (\u201cVoorwaarden\u201d) regelen uw toegang tot en gebruik van onze website https:\/\/myinfoapps.com, een portaal dat is gewijd aan het geven van aanbevelingen en informatie over mobiele applicaties over diverse onderwerpen. Door de website te bezoeken of te gebruiken, gaat u akkoord met deze voorwaarden. <a href=\"https:\/\/myinfoapps.com\/nl\/\">Mijn Info-apps<\/a>, Door dit te doen, stemt u ermee in zich aan deze voorwaarden te houden.<\/p>\n\n\n\n<h2 class=\"wp-block-heading\">1. Mijn Info Apps-services<\/h2>\n\n\n\n<ul class=\"wp-block-list\">\n<li>My Info Apps biedt aanbevelingen voor mobiele applicaties en gerelateerde content.<\/li>\n\n\n\n<li>Wij zijn noch de eigenaren, noch de ontwikkelaars van de aanbevolen apps. De aanbevelingen zijn gebaseerd op ons eigen onderzoek en analyse.<\/li>\n\n\n\n<li>Onze diensten worden gemonetiseerd via advertenties van Google AdSense\/Ad Exchange.<\/li>\n<\/ul>\n\n\n\n<h2 class=\"wp-block-heading\">2. Gebruik van de site<\/h2>\n\n\n\n<ul class=\"wp-block-list\">\n<li>U stemt ermee in My Info Apps alleen te gebruiken voor wettige doeleinden en in overeenstemming met deze voorwaarden.<\/li>\n\n\n\n<li>Je mag de site niet gebruiken op een manier die deze kan beschadigen, uitschakelen of overbelasten.<\/li>\n\n\n\n<li>De inhoud van My Info Apps, inclusief tekst, afbeeldingen en grafische elementen, is auteursrechtelijk beschermd en eigendom van My Info Apps of haar licentiegevers.<\/li>\n<\/ul>\n\n\n\n<h2 class=\"wp-block-heading\">3. Uitsluiting van aansprakelijkheid<\/h2>\n\n\n\n<ul class=\"wp-block-list\">\n<li>My Info Apps is niet verantwoordelijk voor de nauwkeurigheid, veiligheid of betrouwbaarheid van de aanbevolen applicaties.<\/li>\n\n\n\n<li>Wij zijn niet aansprakelijk voor schade of verliezen die voortvloeien uit het gebruik van de op onze website aanbevolen applicaties.<\/li>\n<\/ul>\n\n\n\n<h2 class=\"wp-block-heading\">4. Intellectuele eigendomsrechten<\/h2>\n\n\n\n<ul class=\"wp-block-list\">\n<li>Alle inhoud op My Info Apps is eigendom van My Info Apps of haar licentiegevers en is beschermd door auteursrecht, handelsmerken en andere wetten inzake intellectueel eigendom.<\/li>\n\n\n\n<li>Geen enkele inhoud van deze site mag worden gekopieerd, gereproduceerd, opnieuw gepubliceerd, ge\u00fcpload, geplaatst, verzonden of op welke wijze dan ook verspreid zonder onze uitdrukkelijke schriftelijke toestemming.<\/li>\n<\/ul>\n\n\n\n<h2 class=\"wp-block-heading\">5. Advertenties en links van derden<\/h2>\n\n\n\n<ul class=\"wp-block-list\">\n<li>Op onze website worden advertenties weergegeven die worden aangeboden door Google AdSense\/Ad Exchange.<\/li>\n\n\n\n<li>We kunnen links naar websites van derden opnemen; dergelijke links impliceren geen goedkeuring van die websites.<\/li>\n<\/ul>\n\n\n\n<h2 class=\"wp-block-heading\">6. Wijzigingen in de voorwaarden<\/h2>\n\n\n\n<ul class=\"wp-block-list\">\n<li>My Info Apps behoudt zich het recht voor om deze voorwaarden te allen tijde te wijzigen. Door de site te blijven bezoeken en gebruiken, stemt u in met dergelijke wijzigingen.<\/li>\n<\/ul>\n\n\n\n<h2 class=\"wp-block-heading\">7. Contact<\/h2>\n\n\n\n<ul class=\"wp-block-list\">\n<li>Mocht u vragen of opmerkingen hebben over deze gebruiksvoorwaarden, neem dan contact met ons op.<\/li>\n<\/ul>","protected":false},"excerpt":{"rendered":"<p>Bem-vindo ao My Info Apps. Estes Termos de Uso (\u201cTermos\u201d) regem seu acesso e uso do nosso site https:\/\/myinfoapps.com, um portal dedicado a fornecer recomenda\u00e7\u00f5es e informa\u00e7\u00f5es sobre aplicativos de celular de diversos temas. Ao acessar ou usar o My Info Apps, voc\u00ea concorda em cumprir estes Termos. 1. Servi\u00e7os do My Info Apps 2. [&hellip;]<\/p>\n","protected":false},"author":1,"featured_media":0,"parent":0,"menu_order":0,"comment_status":"closed","ping_status":"closed","template":"","meta":{"footnotes":""},"class_list":["post-753","page","type-page","status-publish"],"_links":{"self":[{"href":"https:\/\/myinfoapps.com\/nl\/wp-json\/wp\/v2\/pages\/753","targetHints":{"allow":["GET"]}}],"collection":[{"href":"https:\/\/myinfoapps.com\/nl\/wp-json\/wp\/v2\/pages"}],"about":[{"href":"https:\/\/myinfoapps.com\/nl\/wp-json\/wp\/v2\/types\/page"}],"author":[{"embeddable":true,"href":"https:\/\/myinfoapps.com\/nl\/wp-json\/wp\/v2\/users\/1"}],"replies":[{"embeddable":true,"href":"https:\/\/myinfoapps.com\/nl\/wp-json\/wp\/v2\/comments?post=753"}],"version-history":[{"count":1,"href":"https:\/\/myinfoapps.com\/nl\/wp-json\/wp\/v2\/pages\/753\/revisions"}],"predecessor-version":[{"id":754,"href":"https:\/\/myinfoapps.com\/nl\/wp-json\/wp\/v2\/pages\/753\/revisions\/754"}],"wp:attachment":[{"href":"https:\/\/myinfoapps.com\/nl\/wp-json\/wp\/v2\/media?parent=753"}],"curies":[{"name":"wp","href":"https:\/\/api.w.org\/{rel}","templated":true}]}}