{"id":751,"date":"2024-06-18T03:52:01","date_gmt":"2024-06-18T03:52:01","guid":{"rendered":"https:\/\/myinfoapps.com\/?page_id=751"},"modified":"2024-06-18T03:52:02","modified_gmt":"2024-06-18T03:52:02","slug":"privacybeleid","status":"publish","type":"page","link":"https:\/\/myinfoapps.com\/nl\/politica-de-privacidade\/","title":{"rendered":"Privacybeleid"},"content":{"rendered":"<p>Welkom bij <a href=\"https:\/\/myinfoapps.com\/nl\/\">Mijn Info-apps<\/a>. Dit privacybeleid beschrijft hoe wij informatie over u verzamelen, gebruiken en delen wanneer u onze website bezoekt of gebruikt.<\/p>\n\n\n\n<h2 class=\"wp-block-heading\">1. Informatie die we verzamelen<\/h2>\n\n\n\n<ul class=\"wp-block-list\">\n<li><strong>Persoonlijke gegevens:<\/strong> Wij verzamelen persoonlijke gegevens die u vrijwillig verstrekt, zoals uw naam, e-mailadres en andere contactgegevens, wanneer u zich aanmeldt om updates te ontvangen of met ons te communiceren.<\/li>\n\n\n\n<li><strong>Gebruiksgegevens:<\/strong> We verzamelen automatisch informatie over hoe u de website bezoekt en gebruikt, waaronder het type apparaat, de webbrowser, bezochte pagina&#039;s, klikken, gebruikspatronen en andere gebruiksgegevens.<\/li>\n\n\n\n<li><strong>Cookies en trackingtechnologie\u00ebn:<\/strong> We gebruiken cookies en trackingtechnologie\u00ebn om uw ervaring te personaliseren en gegevens te verzamelen over uw interactie met de website en de weergegeven advertenties.<\/li>\n<\/ul>\n\n\n\n<h2 class=\"wp-block-heading\">2. Gebruik van informatie<\/h2>\n\n\n\n<p>Wij gebruiken uw gegevens om:<\/p>\n\n\n\n<ul class=\"wp-block-list\">\n<li>Het doel is om onze website en diensten te leveren, te onderhouden en te verbeteren.<\/li>\n\n\n\n<li>Om met u te communiceren en uw vragen en verzoeken te beantwoorden.<\/li>\n\n\n\n<li>Gepersonaliseerde advertenties weergeven en data-analyse uitvoeren.<\/li>\n<\/ul>\n\n\n\n<h2 class=\"wp-block-heading\">3. Informatie delen<\/h2>\n\n\n\n<p>Wij kunnen uw gegevens in de volgende gevallen met derden delen:<\/p>\n\n\n\n<ul class=\"wp-block-list\">\n<li><strong>Dienstverleners:<\/strong> We delen informatie met leveranciers die ons helpen bij het beheren van de website, zoals webhosting- en data-analyseproviders.<\/li>\n\n\n\n<li><strong>Google Ad Exchange:<\/strong> Zoals vereist voor het weergeven van advertenties via Google Ad Exchange.<\/li>\n\n\n\n<li><strong>Wettelijke naleving:<\/strong> Indien nodig om te voldoen aan de wet of om te reageren op juridische procedures.<\/li>\n<\/ul>\n\n\n\n<h2 class=\"wp-block-heading\">4. Google AdSense<\/h2>\n\n\n\n<ul class=\"wp-block-list\">\n<li>In overeenstemming met de voorwaarden van Google AdSense informeren wij u dat Google, als externe leverancier, cookies gebruikt om advertenties op onze website weer te geven.<\/li>\n\n\n\n<li>Het gebruik van de DART-cookie stelt Google in staat om advertenties aan onze gebruikers te tonen op basis van hun bezoeken aan onze site en andere websites op internet.<\/li>\n\n\n\n<li>Gebruikers kunnen het gebruik van de DART-cookie uitschakelen door het privacybeleid van het Google Ads- en contentnetwerk te raadplegen.<\/li>\n<\/ul>\n\n\n\n<h2 class=\"wp-block-heading\">5. Wijzigingen in het privacybeleid<\/h2>\n\n\n\n<p>We kunnen ons privacybeleid van tijd tot tijd bijwerken. We zullen u op de hoogte stellen van eventuele wijzigingen door het nieuwe privacybeleid op deze pagina te publiceren.<\/p>\n\n\n\n<h2 class=\"wp-block-heading\">6. Contact<\/h2>\n\n\n\n<p>Heeft u vragen over dit privacybeleid? Neem dan contact met ons op.<\/p>","protected":false},"excerpt":{"rendered":"<p>Bem-vindo ao My Info Apps. Esta pol\u00edtica de privacidade descreve como coletamos, usamos e compartilhamos informa\u00e7\u00f5es sobre voc\u00ea quando acessa ou usa nosso site. 1. Informa\u00e7\u00f5es que Coletamos 2. Uso de Informa\u00e7\u00f5es Utilizamos suas informa\u00e7\u00f5es para: 3. Compartilhamento de Informa\u00e7\u00f5es Podemos compartilhar suas informa\u00e7\u00f5es com terceiros nas seguintes circunst\u00e2ncias: 4. Google AdSense 5. Altera\u00e7\u00f5es \u00e0 [&hellip;]<\/p>\n","protected":false},"author":1,"featured_media":0,"parent":0,"menu_order":0,"comment_status":"closed","ping_status":"closed","template":"","meta":{"footnotes":""},"class_list":["post-751","page","type-page","status-publish"],"_links":{"self":[{"href":"https:\/\/myinfoapps.com\/nl\/wp-json\/wp\/v2\/pages\/751","targetHints":{"allow":["GET"]}}],"collection":[{"href":"https:\/\/myinfoapps.com\/nl\/wp-json\/wp\/v2\/pages"}],"about":[{"href":"https:\/\/myinfoapps.com\/nl\/wp-json\/wp\/v2\/types\/page"}],"author":[{"embeddable":true,"href":"https:\/\/myinfoapps.com\/nl\/wp-json\/wp\/v2\/users\/1"}],"replies":[{"embeddable":true,"href":"https:\/\/myinfoapps.com\/nl\/wp-json\/wp\/v2\/comments?post=751"}],"version-history":[{"count":1,"href":"https:\/\/myinfoapps.com\/nl\/wp-json\/wp\/v2\/pages\/751\/revisions"}],"predecessor-version":[{"id":752,"href":"https:\/\/myinfoapps.com\/nl\/wp-json\/wp\/v2\/pages\/751\/revisions\/752"}],"wp:attachment":[{"href":"https:\/\/myinfoapps.com\/nl\/wp-json\/wp\/v2\/media?parent=751"}],"curies":[{"name":"wp","href":"https:\/\/api.w.org\/{rel}","templated":true}]}}