{"id":751,"date":"2024-06-18T03:52:01","date_gmt":"2024-06-18T03:52:01","guid":{"rendered":"https:\/\/myinfoapps.com\/?page_id=751"},"modified":"2024-06-18T03:52:02","modified_gmt":"2024-06-18T03:52:02","slug":"politica-sulla-riservatezza","status":"publish","type":"page","link":"https:\/\/myinfoapps.com\/it\/politica-de-privacidade\/","title":{"rendered":"politica sulla riservatezza"},"content":{"rendered":"<p>Benvenuto a <a href=\"https:\/\/myinfoapps.com\/it\/\">Le mie app di informazioni<\/a>. Questa informativa sulla privacy descrive come raccogliamo, utilizziamo e condividiamo le informazioni su di te quando accedi o utilizzi il nostro sito web.<\/p>\n\n\n\n<h2 class=\"wp-block-heading\">1. Informazioni che raccogliamo<\/h2>\n\n\n\n<ul class=\"wp-block-list\">\n<li><strong>Informazione personale:<\/strong> Raccogliamo le informazioni personali che fornisci volontariamente, come nome, email e altre informazioni di contatto quando ti iscrivi per ricevere aggiornamenti o comunichi con noi.<\/li>\n\n\n\n<li><strong>Dati di utilizzo:<\/strong> Raccogliamo automaticamente informazioni su come accedi e utilizzi il Sito, inclusi tipo di dispositivo, browser web, pagine visitate, clic, modelli di utilizzo e altre informazioni sull&#039;utilizzo.<\/li>\n\n\n\n<li><strong>Cookie e tecnologie di tracciamento:<\/strong> Utilizziamo cookie e tecnologie di tracciamento per personalizzare la tua esperienza e raccogliere dati sulla tua interazione con il sito Web e sugli annunci pubblicitari visualizzati.<\/li>\n<\/ul>\n\n\n\n<h2 class=\"wp-block-heading\">2. Utilizzo delle informazioni<\/h2>\n\n\n\n<p>Utilizziamo le tue informazioni per:<\/p>\n\n\n\n<ul class=\"wp-block-list\">\n<li>Fornire, mantenere e migliorare il nostro sito Web e i nostri servizi.<\/li>\n\n\n\n<li>Comunicare con te, rispondere alle tue domande e richieste.<\/li>\n\n\n\n<li>Visualizza annunci personalizzati ed esegui analisi dei dati.<\/li>\n<\/ul>\n\n\n\n<h2 class=\"wp-block-heading\">3. Condivisione delle informazioni<\/h2>\n\n\n\n<p>Potremmo condividere le tue informazioni con terze parti nelle seguenti circostanze:<\/p>\n\n\n\n<ul class=\"wp-block-list\">\n<li><strong>Fornitori di servizi:<\/strong> Condividiamo informazioni con fornitori che ci aiutano a gestire il sito, come web hosting e analisi dei dati.<\/li>\n\n\n\n<li><strong>Google Ad Exchange:<\/strong> Come richiesto per pubblicare annunci tramite Google Ad Exchange.<\/li>\n\n\n\n<li><strong>Conformit\u00e0 legale:<\/strong> Quando necessario per conformarsi alla legge o rispondere a procedimenti legali.<\/li>\n<\/ul>\n\n\n\n<h2 class=\"wp-block-heading\">4. Google AdSense<\/h2>\n\n\n\n<ul class=\"wp-block-list\">\n<li>In conformit\u00e0 con i termini di Google AdSense, ti informiamo che Google, in qualit\u00e0 di fornitore di terze parti, utilizza i cookie per pubblicare annunci sul nostro sito web.<\/li>\n\n\n\n<li>L&#039;utilizzo del cookie DART da parte di Google consente di pubblicare annunci per i nostri utenti in base alle visite precedenti al nostro sito e ad altri siti su Internet.<\/li>\n\n\n\n<li>Gli utenti possono disattivare l&#039;utilizzo del cookie DART visitando l&#039;Informativa sulla privacy della rete di contenuti e pubblicit\u00e0 di Google.<\/li>\n<\/ul>\n\n\n\n<h2 class=\"wp-block-heading\">5. Modifiche all&#039;Informativa sulla Privacy<\/h2>\n\n\n\n<p>Potremmo aggiornare periodicamente la nostra Informativa sulla privacy. Ti informeremo di eventuali modifiche pubblicando la nuova Informativa sulla privacy in questa pagina.<\/p>\n\n\n\n<h2 class=\"wp-block-heading\">6. Contatto<\/h2>\n\n\n\n<p>Se hai domande sulla presente Informativa sulla privacy, ti preghiamo di contattarci.<\/p>","protected":false},"excerpt":{"rendered":"<p>Bem-vindo ao My Info Apps. Esta pol\u00edtica de privacidade descreve como coletamos, usamos e compartilhamos informa\u00e7\u00f5es sobre voc\u00ea quando acessa ou usa nosso site. 1. Informa\u00e7\u00f5es que Coletamos 2. Uso de Informa\u00e7\u00f5es Utilizamos suas informa\u00e7\u00f5es para: 3. Compartilhamento de Informa\u00e7\u00f5es Podemos compartilhar suas informa\u00e7\u00f5es com terceiros nas seguintes circunst\u00e2ncias: 4. Google AdSense 5. Altera\u00e7\u00f5es \u00e0 [&hellip;]<\/p>\n","protected":false},"author":1,"featured_media":0,"parent":0,"menu_order":0,"comment_status":"closed","ping_status":"closed","template":"","meta":{"footnotes":""},"class_list":["post-751","page","type-page","status-publish"],"_links":{"self":[{"href":"https:\/\/myinfoapps.com\/it\/wp-json\/wp\/v2\/pages\/751","targetHints":{"allow":["GET"]}}],"collection":[{"href":"https:\/\/myinfoapps.com\/it\/wp-json\/wp\/v2\/pages"}],"about":[{"href":"https:\/\/myinfoapps.com\/it\/wp-json\/wp\/v2\/types\/page"}],"author":[{"embeddable":true,"href":"https:\/\/myinfoapps.com\/it\/wp-json\/wp\/v2\/users\/1"}],"replies":[{"embeddable":true,"href":"https:\/\/myinfoapps.com\/it\/wp-json\/wp\/v2\/comments?post=751"}],"version-history":[{"count":1,"href":"https:\/\/myinfoapps.com\/it\/wp-json\/wp\/v2\/pages\/751\/revisions"}],"predecessor-version":[{"id":752,"href":"https:\/\/myinfoapps.com\/it\/wp-json\/wp\/v2\/pages\/751\/revisions\/752"}],"wp:attachment":[{"href":"https:\/\/myinfoapps.com\/it\/wp-json\/wp\/v2\/media?parent=751"}],"curies":[{"name":"parola chiave","href":"https:\/\/api.w.org\/{rel}","templated":true}]}}