{"id":753,"date":"2024-06-18T03:52:48","date_gmt":"2024-06-18T03:52:48","guid":{"rendered":"https:\/\/myinfoapps.com\/?page_id=753"},"modified":"2024-06-18T03:52:49","modified_gmt":"2024-06-18T03:52:49","slug":"%d7%aa%d7%a0%d7%90%d7%99-%d7%a9%d7%99%d7%9e%d7%95%d7%a9","status":"publish","type":"page","link":"https:\/\/myinfoapps.com\/he\/termos-de-uso\/","title":{"rendered":"\u05ea\u05e0\u05d0\u05d9 \u05e9\u05d9\u05de\u05d5\u05e9"},"content":{"rendered":"<p>\u05d1\u05e8\u05d5\u05da \u05d4\u05d1\u05d0 \u05dc <a href=\"https:\/\/myinfoapps.com\/he\/\">\u05d0\u05e4\u05dc\u05d9\u05e7\u05e6\u05d9\u05d5\u05ea \u05d4\u05de\u05d9\u05d3\u05e2 \u05e9\u05dc\u05d9<\/a>. \u05ea\u05e0\u05d0\u05d9 \u05e9\u05d9\u05de\u05d5\u05e9 \u05d0\u05dc\u05d4 (&quot;\u05ea\u05e0\u05d0\u05d9\u05dd&quot;) \u05de\u05e1\u05d3\u05d9\u05e8\u05d9\u05dd \u05d0\u05ea \u05d4\u05d2\u05d9\u05e9\u05d4 \u05d5\u05d4\u05e9\u05d9\u05de\u05d5\u05e9 \u05e9\u05dc\u05da \u05d1\u05d0\u05ea\u05e8 \u05d4\u05d0\u05d9\u05e0\u05d8\u05e8\u05e0\u05d8 \u05e9\u05dc\u05e0\u05d5 https:\/\/myinfoapps.com, \u05e4\u05d5\u05e8\u05d8\u05dc \u05d4\u05de\u05d5\u05e7\u05d3\u05e9 \u05dc\u05e1\u05e4\u05e7 \u05d4\u05de\u05dc\u05e6\u05d5\u05ea \u05d5\u05de\u05d9\u05d3\u05e2 \u05e2\u05dc \u05d9\u05d9\u05e9\u05d5\u05de\u05d9\u05dd \u05e0\u05d9\u05d9\u05d3\u05d9\u05dd \u05d1\u05de\u05d2\u05d5\u05d5\u05df \u05e0\u05d5\u05e9\u05d0\u05d9\u05dd. \u05d1\u05e2\u05ea \u05d2\u05d9\u05e9\u05d4 \u05d0\u05d5 \u05e9\u05d9\u05de\u05d5\u05e9 \u05d1- <a href=\"https:\/\/myinfoapps.com\/he\/\">\u05d0\u05e4\u05dc\u05d9\u05e7\u05e6\u05d9\u05d5\u05ea \u05d4\u05de\u05d9\u05d3\u05e2 \u05e9\u05dc\u05d9<\/a>, \u05d0\u05ea\u05d4 \u05de\u05e1\u05db\u05d9\u05dd \u05dc\u05e6\u05d9\u05d9\u05ea \u05dc\u05ea\u05e0\u05d0\u05d9\u05dd \u05d0\u05dc\u05d4.<\/p>\n\n\n\n<h2 class=\"wp-block-heading\">1. \u05e9\u05d9\u05e8\u05d5\u05ea\u05d9 \u05d9\u05d9\u05e9\u05d5\u05de\u05d9 \u05d4\u05de\u05d9\u05d3\u05e2 \u05e9\u05dc\u05d9<\/h2>\n\n\n\n<ul class=\"wp-block-list\">\n<li>My Info Apps \u05de\u05e6\u05d9\u05e2 \u05d4\u05de\u05dc\u05e6\u05d5\u05ea \u05dc\u05d0\u05e4\u05dc\u05d9\u05e7\u05e6\u05d9\u05d5\u05ea \u05dc\u05e0\u05d9\u05d9\u05d3 \u05d5\u05ea\u05d5\u05db\u05df \u05e7\u05e9\u05d5\u05e8.<\/li>\n\n\n\n<li>\u05d0\u05e0\u05d7\u05e0\u05d5 \u05dc\u05d0 \u05d1\u05d1\u05e2\u05dc\u05d5\u05ea\u05e0\u05d5 \u05d0\u05d5 \u05de\u05e4\u05ea\u05d7\u05d9\u05dd \u05d0\u05ea \u05d4\u05d0\u05e4\u05dc\u05d9\u05e7\u05e6\u05d9\u05d5\u05ea \u05d4\u05de\u05d5\u05de\u05dc\u05e6\u05d5\u05ea. \u05d4\u05d4\u05de\u05dc\u05e6\u05d5\u05ea \u05de\u05d1\u05d5\u05e1\u05e1\u05d5\u05ea \u05e2\u05dc \u05de\u05d7\u05e7\u05e8 \u05d5\u05e0\u05d9\u05ea\u05d5\u05d7 \u05e7\u05e0\u05d9\u05d9\u05e0\u05d9\u05d9\u05dd.<\/li>\n\n\n\n<li>\u05de\u05d5\u05e0\u05d8\u05d9\u05d6\u05e6\u05d9\u05d4 \u05e9\u05dc \u05d4\u05e9\u05d9\u05e8\u05d5\u05ea\u05d9\u05dd \u05e9\u05dc\u05e0\u05d5 \u05de\u05ea\u05d1\u05e6\u05e2\u05ea \u05d1\u05d0\u05de\u05e6\u05e2\u05d5\u05ea \u05e4\u05e8\u05e1\u05d5\u05dd \u05d1-Google AdSense\/Ad Exchange.<\/li>\n<\/ul>\n\n\n\n<h2 class=\"wp-block-heading\">2. \u05e9\u05d9\u05de\u05d5\u05e9 \u05d1\u05d0\u05ea\u05e8<\/h2>\n\n\n\n<ul class=\"wp-block-list\">\n<li>\u05d0\u05ea\u05d4 \u05de\u05e1\u05db\u05d9\u05dd \u05dc\u05d4\u05e9\u05ea\u05de\u05e9 \u05d1\u05d0\u05e4\u05dc\u05d9\u05e7\u05e6\u05d9\u05d5\u05ea \u05d4\u05de\u05d9\u05d3\u05e2 \u05e9\u05dc\u05d9 \u05e8\u05e7 \u05dc\u05de\u05d8\u05e8\u05d5\u05ea \u05d7\u05d5\u05e7\u05d9\u05d5\u05ea \u05d5\u05d1\u05d4\u05ea\u05d0\u05dd \u05dc\u05ea\u05e0\u05d0\u05d9\u05dd \u05d0\u05dc\u05d4.<\/li>\n\n\n\n<li>\u05d0\u05d9\u05df \u05dc\u05d4\u05e9\u05ea\u05de\u05e9 \u05d1\u05d0\u05ea\u05e8 \u05d1\u05db\u05dc \u05d3\u05e8\u05da \u05d4\u05e2\u05dc\u05d5\u05dc\u05d4 \u05dc\u05d4\u05d6\u05d9\u05e7, \u05dc\u05d4\u05e9\u05d1\u05d9\u05ea \u05d0\u05d5 \u05dc\u05d4\u05e2\u05de\u05d9\u05e1 \u05e2\u05dc\u05d9\u05d5.<\/li>\n\n\n\n<li>\u05d4\u05ea\u05d5\u05db\u05df \u05d1-My Info Apps, \u05db\u05d5\u05dc\u05dc \u05d8\u05e7\u05e1\u05d8, \u05d2\u05e8\u05e4\u05d9\u05e7\u05d4 \u05d5\u05ea\u05de\u05d5\u05e0\u05d5\u05ea, \u05de\u05d5\u05d2\u05df \u05d1\u05d6\u05db\u05d5\u05d9\u05d5\u05ea \u05d9\u05d5\u05e6\u05e8\u05d9\u05dd \u05d5\u05d4\u05d5\u05d0 \u05e8\u05db\u05d5\u05e9\u05dd \u05e9\u05dc My Info Apps \u05d0\u05d5 \u05e9\u05dc \u05de\u05e2\u05e0\u05d9\u05e7\u05d9 \u05d4\u05e8\u05d9\u05e9\u05d9\u05d5\u05e0\u05d5\u05ea \u05e9\u05dc\u05d4.<\/li>\n<\/ul>\n\n\n\n<h2 class=\"wp-block-heading\">3. \u05db\u05ea\u05d1 \u05d5\u05d9\u05ea\u05d5\u05e8<\/h2>\n\n\n\n<ul class=\"wp-block-list\">\n<li>My Info Apps \u05d0\u05d9\u05e0\u05d4 \u05d0\u05d7\u05e8\u05d0\u05d9\u05ea \u05dc\u05d3\u05d9\u05d5\u05e7, \u05d0\u05d1\u05d8\u05d7\u05d4 \u05d0\u05d5 \u05de\u05d4\u05d9\u05de\u05e0\u05d5\u05ea \u05e9\u05dc \u05d9\u05d9\u05e9\u05d5\u05de\u05d9\u05dd \u05de\u05d5\u05de\u05dc\u05e6\u05d9\u05dd.<\/li>\n\n\n\n<li>\u05d0\u05d9\u05e0\u05e0\u05d5 \u05d0\u05d7\u05e8\u05d0\u05d9\u05dd \u05dc\u05db\u05dc \u05e0\u05d6\u05e7 \u05d0\u05d5 \u05d4\u05e4\u05e1\u05d3\u05d9\u05dd \u05d4\u05e0\u05d5\u05d1\u05e2\u05d9\u05dd \u05de\u05e9\u05d9\u05de\u05d5\u05e9 \u05d1\u05d9\u05d9\u05e9\u05d5\u05de\u05d9\u05dd \u05d4\u05de\u05d5\u05de\u05dc\u05e6\u05d9\u05dd \u05d1\u05d0\u05ea\u05e8 \u05d4\u05d0\u05d9\u05e0\u05d8\u05e8\u05e0\u05d8 \u05e9\u05dc\u05e0\u05d5.<\/li>\n<\/ul>\n\n\n\n<h2 class=\"wp-block-heading\">4. \u05d6\u05db\u05d5\u05d9\u05d5\u05ea \u05e7\u05e0\u05d9\u05d9\u05df \u05e8\u05d5\u05d7\u05e0\u05d9<\/h2>\n\n\n\n<ul class=\"wp-block-list\">\n<li>\u05db\u05dc \u05d4\u05ea\u05d5\u05db\u05df \u05d1-My Info Apps \u05d4\u05d5\u05d0 \u05e8\u05db\u05d5\u05e9\u05dd \u05e9\u05dc My Info Apps \u05d0\u05d5 \u05e9\u05dc \u05de\u05e2\u05e0\u05d9\u05e7\u05d9 \u05d4\u05e8\u05d9\u05e9\u05d9\u05d5\u05e0\u05d5\u05ea \u05e9\u05dc\u05d5 \u05d5\u05de\u05d5\u05d2\u05df \u05e2\u05dc \u05d9\u05d3\u05d9 \u05d7\u05d5\u05e7\u05d9 \u05d6\u05db\u05d5\u05d9\u05d5\u05ea \u05d9\u05d5\u05e6\u05e8\u05d9\u05dd, \u05e1\u05d9\u05de\u05e0\u05d9\u05dd \u05de\u05e1\u05d7\u05e8\u05d9\u05d9\u05dd \u05d5\u05d7\u05d5\u05e7\u05d9 \u05e7\u05e0\u05d9\u05d9\u05df \u05e8\u05d5\u05d7\u05e0\u05d9 \u05d0\u05d7\u05e8\u05d9\u05dd.<\/li>\n\n\n\n<li>\u05d0\u05d9\u05df \u05dc\u05d4\u05e2\u05ea\u05d9\u05e7, \u05dc\u05e9\u05db\u05e4\u05dc, \u05dc\u05e4\u05e8\u05e1\u05dd \u05de\u05d7\u05d3\u05e9, \u05dc\u05d4\u05e2\u05dc\u05d5\u05ea, \u05dc\u05e4\u05e8\u05e1\u05dd, \u05dc\u05e9\u05d3\u05e8 \u05d0\u05d5 \u05dc\u05d4\u05e4\u05d9\u05e5 \u05db\u05dc \u05ea\u05d5\u05db\u05df \u05de\u05d4\u05d0\u05ea\u05e8 \u05dc\u05dc\u05d0 \u05e8\u05e9\u05d5\u05ea\u05e0\u05d5 \u05d4\u05de\u05e4\u05d5\u05e8\u05e9\u05ea \u05d1\u05db\u05ea\u05d1.<\/li>\n<\/ul>\n\n\n\n<h2 class=\"wp-block-heading\">5. \u05e4\u05e8\u05e1\u05d5\u05dd \u05d5\u05e7\u05d9\u05e9\u05d5\u05e8\u05d9 \u05e6\u05d3 \u05e9\u05dc\u05d9\u05e9\u05d9<\/h2>\n\n\n\n<ul class=\"wp-block-list\">\n<li>\u05d4\u05d0\u05ea\u05e8 \u05e9\u05dc\u05e0\u05d5 \u05de\u05e6\u05d9\u05d2 \u05e4\u05e8\u05e1\u05d5\u05de\u05d5\u05ea \u05d4\u05de\u05e1\u05d5\u05e4\u05e7\u05d5\u05ea \u05e2\u05dc \u05d9\u05d3\u05d9 Google AdSense\/Ad Exchange.<\/li>\n\n\n\n<li>\u05d0\u05e0\u05d5 \u05e2\u05e9\u05d5\u05d9\u05d9\u05dd \u05dc\u05db\u05dc\u05d5\u05dc \u05e7\u05d9\u05e9\u05d5\u05e8\u05d9\u05dd \u05dc\u05d0\u05ea\u05e8\u05d9 \u05e6\u05d3 \u05e9\u05dc\u05d9\u05e9\u05d9; \u05e7\u05d9\u05e9\u05d5\u05e8\u05d9\u05dd \u05db\u05d0\u05dc\u05d4 \u05d0\u05d9\u05e0\u05dd \u05de\u05e8\u05de\u05d6\u05d9\u05dd \u05e2\u05dc \u05ea\u05de\u05d9\u05db\u05d4 \u05d1\u05d0\u05ea\u05e8\u05d9\u05dd \u05d0\u05dc\u05d4.<\/li>\n<\/ul>\n\n\n\n<h2 class=\"wp-block-heading\">6. \u05e9\u05d9\u05e0\u05d5\u05d9\u05d9\u05dd \u05d1\u05ea\u05e0\u05d0\u05d9\u05dd<\/h2>\n\n\n\n<ul class=\"wp-block-list\">\n<li>My Info Apps \u05e9\u05d5\u05de\u05e8\u05ea \u05dc\u05e2\u05e6\u05de\u05d4 \u05d0\u05ea \u05d4\u05d6\u05db\u05d5\u05ea \u05dc\u05e9\u05e0\u05d5\u05ea \u05ea\u05e0\u05d0\u05d9\u05dd \u05d0\u05dc\u05d4 \u05d1\u05db\u05dc \u05e2\u05ea. \u05d4\u05de\u05e9\u05da \u05d1\u05d9\u05e7\u05d5\u05e8\u05da \u05d5\u05e9\u05d9\u05de\u05d5\u05e9\u05da \u05d1\u05d0\u05ea\u05e8 \u05de\u05d4\u05d5\u05d5\u05d4 \u05d4\u05e1\u05db\u05de\u05d4 \u05e9\u05dc\u05da \u05dc\u05e9\u05d9\u05e0\u05d5\u05d9\u05d9\u05dd \u05de\u05e1\u05d5\u05d2 \u05d6\u05d4.<\/li>\n<\/ul>\n\n\n\n<h2 class=\"wp-block-heading\">7. \u05e6\u05d5\u05e8 \u05e7\u05e9\u05e8<\/h2>\n\n\n\n<ul class=\"wp-block-list\">\n<li>\u05d0\u05dd \u05d9\u05e9 \u05dc\u05da \u05e9\u05d0\u05dc\u05d5\u05ea \u05d0\u05d5 \u05d7\u05e9\u05e9\u05d5\u05ea \u05dc\u05d2\u05d1\u05d9 \u05ea\u05e0\u05d0\u05d9 \u05e9\u05d9\u05de\u05d5\u05e9 \u05d0\u05dc\u05d4, \u05d0\u05e0\u05d0 \u05e6\u05d5\u05e8 \u05d0\u05d9\u05ea\u05e0\u05d5 \u05e7\u05e9\u05e8.<\/li>\n<\/ul>","protected":false},"excerpt":{"rendered":"<p>Bem-vindo ao My Info Apps. Estes Termos de Uso (\u201cTermos\u201d) regem seu acesso e uso do nosso site https:\/\/myinfoapps.com, um portal dedicado a fornecer recomenda\u00e7\u00f5es e informa\u00e7\u00f5es sobre aplicativos de celular de diversos temas. Ao acessar ou usar o My Info Apps, voc\u00ea concorda em cumprir estes Termos. 1. Servi\u00e7os do My Info Apps 2. [&hellip;]<\/p>\n","protected":false},"author":1,"featured_media":0,"parent":0,"menu_order":0,"comment_status":"closed","ping_status":"closed","template":"","meta":{"footnotes":""},"class_list":["post-753","page","type-page","status-publish"],"_links":{"self":[{"href":"https:\/\/myinfoapps.com\/he\/wp-json\/wp\/v2\/pages\/753","targetHints":{"allow":["GET"]}}],"collection":[{"href":"https:\/\/myinfoapps.com\/he\/wp-json\/wp\/v2\/pages"}],"about":[{"href":"https:\/\/myinfoapps.com\/he\/wp-json\/wp\/v2\/types\/page"}],"author":[{"embeddable":true,"href":"https:\/\/myinfoapps.com\/he\/wp-json\/wp\/v2\/users\/1"}],"replies":[{"embeddable":true,"href":"https:\/\/myinfoapps.com\/he\/wp-json\/wp\/v2\/comments?post=753"}],"version-history":[{"count":1,"href":"https:\/\/myinfoapps.com\/he\/wp-json\/wp\/v2\/pages\/753\/revisions"}],"predecessor-version":[{"id":754,"href":"https:\/\/myinfoapps.com\/he\/wp-json\/wp\/v2\/pages\/753\/revisions\/754"}],"wp:attachment":[{"href":"https:\/\/myinfoapps.com\/he\/wp-json\/wp\/v2\/media?parent=753"}],"curies":[{"name":"wp","href":"https:\/\/api.w.org\/{rel}","templated":true}]}}