{"id":753,"date":"2024-06-18T03:52:48","date_gmt":"2024-06-18T03:52:48","guid":{"rendered":"https:\/\/myinfoapps.com\/?page_id=753"},"modified":"2024-06-18T03:52:49","modified_gmt":"2024-06-18T03:52:49","slug":"conditions-dutilisation","status":"publish","type":"page","link":"https:\/\/myinfoapps.com\/fr_eu\/termos-de-uso\/","title":{"rendered":"Conditions d&#039;utilisation"},"content":{"rendered":"<p>Bienvenue \u00e0 <a href=\"https:\/\/myinfoapps.com\/fr_eu\/\">Mes applications d&#039;informations<\/a>. Ces conditions d&#039;utilisation (\u00ab\u00a0Conditions\u00a0\u00bb) r\u00e9gissent votre acc\u00e8s et votre utilisation de notre site Web https:\/\/myinfoapps.com, un portail d\u00e9di\u00e9 \u00e0 fournir des recommandations et des informations sur les applications mobiles sur une vari\u00e9t\u00e9 de sujets. Lorsque vous acc\u00e9dez ou utilisez le <a href=\"https:\/\/myinfoapps.com\/fr_eu\/\">Mes applications d&#039;informations<\/a>, vous acceptez de respecter ces Conditions.<\/p>\n\n\n\n<h2 class=\"wp-block-heading\">1. Mes services d&#039;applications d&#039;informations<\/h2>\n\n\n\n<ul class=\"wp-block-list\">\n<li>My Info Apps propose des recommandations d&#039;applications mobiles et du contenu associ\u00e9.<\/li>\n\n\n\n<li>Nous ne poss\u00e9dons ni ne d\u00e9veloppons les applications recommand\u00e9es. Les recommandations sont bas\u00e9es sur des recherches et des analyses exclusives.<\/li>\n\n\n\n<li>Nos services sont mon\u00e9tis\u00e9s gr\u00e2ce \u00e0 la publicit\u00e9 Google AdSense\/Ad Exchange.<\/li>\n<\/ul>\n\n\n\n<h2 class=\"wp-block-heading\">2. Utilisation du Site<\/h2>\n\n\n\n<ul class=\"wp-block-list\">\n<li>Vous acceptez d&#039;utiliser My Info Apps uniquement \u00e0 des fins licites et conform\u00e9ment aux pr\u00e9sentes Conditions.<\/li>\n\n\n\n<li>Vous ne devez pas utiliser le site Web d&#039;une mani\u00e8re qui pourrait l&#039;endommager, le d\u00e9sactiver ou le surcharger.<\/li>\n\n\n\n<li>Le contenu de My Info Apps, y compris les textes, graphiques et images, est prot\u00e9g\u00e9 par le droit d&#039;auteur et est la propri\u00e9t\u00e9 de My Info Apps ou de ses conc\u00e9dants de licence.<\/li>\n<\/ul>\n\n\n\n<h2 class=\"wp-block-heading\">3. Avis de non-responsabilit\u00e9<\/h2>\n\n\n\n<ul class=\"wp-block-list\">\n<li>My Info Apps n&#039;est pas responsable de l&#039;exactitude, de la s\u00e9curit\u00e9 ou de la fiabilit\u00e9 des applications recommand\u00e9es.<\/li>\n\n\n\n<li>Nous ne sommes pas responsables des dommages ou pertes r\u00e9sultant de l&#039;utilisation des applications recommand\u00e9es sur notre site Internet.<\/li>\n<\/ul>\n\n\n\n<h2 class=\"wp-block-heading\">4. Droits de propri\u00e9t\u00e9 intellectuelle<\/h2>\n\n\n\n<ul class=\"wp-block-list\">\n<li>Tout le contenu de My Info Apps est la propri\u00e9t\u00e9 de My Info Apps ou de ses conc\u00e9dants de licence et est prot\u00e9g\u00e9 par les lois sur le droit d&#039;auteur, les marques commerciales et d&#039;autres lois sur la propri\u00e9t\u00e9 intellectuelle.<\/li>\n\n\n\n<li>Aucun contenu du site Web ne peut \u00eatre copi\u00e9, reproduit, republi\u00e9, t\u00e9l\u00e9charg\u00e9, publi\u00e9, transmis ou distribu\u00e9 de quelque mani\u00e8re que ce soit sans notre autorisation \u00e9crite expresse.<\/li>\n<\/ul>\n\n\n\n<h2 class=\"wp-block-heading\">5. Publicit\u00e9 et liens tiers<\/h2>\n\n\n\n<ul class=\"wp-block-list\">\n<li>Notre site Web affiche des publicit\u00e9s fournies par Google AdSense\/Ad Exchange.<\/li>\n\n\n\n<li>Nous pouvons inclure des liens vers des sites Web tiers\u00a0; ces liens n\u2019impliquent pas l\u2019approbation de ces sites.<\/li>\n<\/ul>\n\n\n\n<h2 class=\"wp-block-heading\">6. Modifications des Conditions<\/h2>\n\n\n\n<ul class=\"wp-block-list\">\n<li>My Info Apps se r\u00e9serve le droit de modifier les pr\u00e9sentes Conditions \u00e0 tout moment. Vos visites continues et votre utilisation du site constituent votre acceptation de ces modifications.<\/li>\n<\/ul>\n\n\n\n<h2 class=\"wp-block-heading\">7. Contacter<\/h2>\n\n\n\n<ul class=\"wp-block-list\">\n<li>Si vous avez des questions ou des pr\u00e9occupations concernant ces conditions d&#039;utilisation, veuillez nous contacter.<\/li>\n<\/ul>","protected":false},"excerpt":{"rendered":"<p>Bem-vindo ao My Info Apps. Estes Termos de Uso (\u201cTermos\u201d) regem seu acesso e uso do nosso site https:\/\/myinfoapps.com, um portal dedicado a fornecer recomenda\u00e7\u00f5es e informa\u00e7\u00f5es sobre aplicativos de celular de diversos temas. Ao acessar ou usar o My Info Apps, voc\u00ea concorda em cumprir estes Termos. 1. Servi\u00e7os do My Info Apps 2. [&hellip;]<\/p>\n","protected":false},"author":1,"featured_media":0,"parent":0,"menu_order":0,"comment_status":"closed","ping_status":"closed","template":"","meta":{"footnotes":""},"class_list":["post-753","page","type-page","status-publish"],"_links":{"self":[{"href":"https:\/\/myinfoapps.com\/fr_eu\/wp-json\/wp\/v2\/pages\/753","targetHints":{"allow":["GET"]}}],"collection":[{"href":"https:\/\/myinfoapps.com\/fr_eu\/wp-json\/wp\/v2\/pages"}],"about":[{"href":"https:\/\/myinfoapps.com\/fr_eu\/wp-json\/wp\/v2\/types\/page"}],"author":[{"embeddable":true,"href":"https:\/\/myinfoapps.com\/fr_eu\/wp-json\/wp\/v2\/users\/1"}],"replies":[{"embeddable":true,"href":"https:\/\/myinfoapps.com\/fr_eu\/wp-json\/wp\/v2\/comments?post=753"}],"version-history":[{"count":1,"href":"https:\/\/myinfoapps.com\/fr_eu\/wp-json\/wp\/v2\/pages\/753\/revisions"}],"predecessor-version":[{"id":754,"href":"https:\/\/myinfoapps.com\/fr_eu\/wp-json\/wp\/v2\/pages\/753\/revisions\/754"}],"wp:attachment":[{"href":"https:\/\/myinfoapps.com\/fr_eu\/wp-json\/wp\/v2\/media?parent=753"}],"curies":[{"name":"wp","href":"https:\/\/api.w.org\/{rel}","templated":true}]}}