{"id":751,"date":"2024-06-18T03:52:01","date_gmt":"2024-06-18T03:52:01","guid":{"rendered":"https:\/\/myinfoapps.com\/?page_id=751"},"modified":"2024-06-18T03:52:02","modified_gmt":"2024-06-18T03:52:02","slug":"politique-de-confidentialite","status":"publish","type":"page","link":"https:\/\/myinfoapps.com\/fr\/politica-de-privacidade\/","title":{"rendered":"politique de confidentialit\u00e9"},"content":{"rendered":"<p>Bienvenue \u00e0 <a href=\"https:\/\/myinfoapps.com\/fr\/\">Mes applications d&#039;informations<\/a>. Cette politique de confidentialit\u00e9 d\u00e9crit la mani\u00e8re dont nous collectons, utilisons et partageons des informations vous concernant lorsque vous acc\u00e9dez ou utilisez notre site Web.<\/p>\n\n\n\n<h2 class=\"wp-block-heading\">1. Informations que nous collectons<\/h2>\n\n\n\n<ul class=\"wp-block-list\">\n<li><strong>Informations personnelles:<\/strong> Nous collectons les informations personnelles que vous fournissez volontairement, telles que votre nom, votre adresse e-mail et d&#039;autres informations de contact lorsque vous vous inscrivez pour recevoir des mises \u00e0 jour ou communiquez avec nous.<\/li>\n\n\n\n<li><strong>Des donn\u00e9es d&#039;utilisation:<\/strong> Nous collectons automatiquement des informations sur la mani\u00e8re dont vous acc\u00e9dez et utilisez le Site, y compris le type d&#039;appareil, le navigateur Web, les pages visit\u00e9es, les clics, les mod\u00e8les d&#039;utilisation et d&#039;autres informations d&#039;utilisation.<\/li>\n\n\n\n<li><strong>Cookies et technologies de suivi\u00a0:<\/strong> Nous utilisons des cookies et des technologies de suivi pour personnaliser votre exp\u00e9rience et collecter des donn\u00e9es sur votre interaction avec le site Web et les publicit\u00e9s affich\u00e9es.<\/li>\n<\/ul>\n\n\n\n<h2 class=\"wp-block-heading\">2. Utilisation des informations<\/h2>\n\n\n\n<p>Nous utilisons vos informations pour\u00a0:<\/p>\n\n\n\n<ul class=\"wp-block-list\">\n<li>Fournir, maintenir et am\u00e9liorer notre site Web et nos services.<\/li>\n\n\n\n<li>Communiquez avec vous, r\u00e9pondez \u00e0 vos questions et demandes.<\/li>\n\n\n\n<li>Affichez des publicit\u00e9s personnalis\u00e9es et effectuez une analyse des donn\u00e9es.<\/li>\n<\/ul>\n\n\n\n<h2 class=\"wp-block-heading\">3. Partage d&#039;informations<\/h2>\n\n\n\n<p>Nous pouvons partager vos informations avec des tiers dans les circonstances suivantes\u00a0:<\/p>\n\n\n\n<ul class=\"wp-block-list\">\n<li><strong>Les fournisseurs de services:<\/strong> Nous partageons des informations avec des fournisseurs qui nous aident \u00e0 exploiter le site, tels que l&#039;h\u00e9bergement Web et l&#039;analyse des donn\u00e9es.<\/li>\n\n\n\n<li><strong>Google\u00a0Ad\u00a0Exchange\u00a0:<\/strong> N\u00e9cessaire pour diffuser des annonces via Google Ad Exchange.<\/li>\n\n\n\n<li><strong>Conformit\u00e9 l\u00e9gale:<\/strong> Lorsque cela est n\u00e9cessaire pour se conformer \u00e0 la loi ou r\u00e9pondre \u00e0 une proc\u00e9dure judiciaire.<\/li>\n<\/ul>\n\n\n\n<h2 class=\"wp-block-heading\">4. Google AdSense<\/h2>\n\n\n\n<ul class=\"wp-block-list\">\n<li>Conform\u00e9ment aux conditions de Google AdSense, nous vous informons que Google, en tant que fournisseur tiers, utilise des cookies pour diffuser des annonces sur notre site Web.<\/li>\n\n\n\n<li>L&#039;utilisation par Google du cookie DART lui permet de diffuser des publicit\u00e9s \u00e0 nos utilisateurs en fonction des visites ant\u00e9rieures de notre site et d&#039;autres sites Internet.<\/li>\n\n\n\n<li>Les utilisateurs peuvent refuser l&#039;utilisation du cookie DART en consultant la politique de confidentialit\u00e9 de Google Advertising and Content Network.<\/li>\n<\/ul>\n\n\n\n<h2 class=\"wp-block-heading\">5. Modifications de la politique de confidentialit\u00e9<\/h2>\n\n\n\n<p>Nous pouvons mettre \u00e0 jour notre politique de confidentialit\u00e9 p\u00e9riodiquement. Nous vous informerons de tout changement en publiant la nouvelle politique de confidentialit\u00e9 sur cette page.<\/p>\n\n\n\n<h2 class=\"wp-block-heading\">6. Contacter<\/h2>\n\n\n\n<p>Si vous avez des questions concernant cette politique de confidentialit\u00e9, veuillez nous contacter.<\/p>","protected":false},"excerpt":{"rendered":"<p>Bem-vindo ao My Info Apps. Esta pol\u00edtica de privacidade descreve como coletamos, usamos e compartilhamos informa\u00e7\u00f5es sobre voc\u00ea quando acessa ou usa nosso site. 1. Informa\u00e7\u00f5es que Coletamos 2. Uso de Informa\u00e7\u00f5es Utilizamos suas informa\u00e7\u00f5es para: 3. Compartilhamento de Informa\u00e7\u00f5es Podemos compartilhar suas informa\u00e7\u00f5es com terceiros nas seguintes circunst\u00e2ncias: 4. Google AdSense 5. Altera\u00e7\u00f5es \u00e0 [&hellip;]<\/p>\n","protected":false},"author":1,"featured_media":0,"parent":0,"menu_order":0,"comment_status":"closed","ping_status":"closed","template":"","meta":{"footnotes":""},"class_list":["post-751","page","type-page","status-publish"],"_links":{"self":[{"href":"https:\/\/myinfoapps.com\/fr\/wp-json\/wp\/v2\/pages\/751","targetHints":{"allow":["GET"]}}],"collection":[{"href":"https:\/\/myinfoapps.com\/fr\/wp-json\/wp\/v2\/pages"}],"about":[{"href":"https:\/\/myinfoapps.com\/fr\/wp-json\/wp\/v2\/types\/page"}],"author":[{"embeddable":true,"href":"https:\/\/myinfoapps.com\/fr\/wp-json\/wp\/v2\/users\/1"}],"replies":[{"embeddable":true,"href":"https:\/\/myinfoapps.com\/fr\/wp-json\/wp\/v2\/comments?post=751"}],"version-history":[{"count":1,"href":"https:\/\/myinfoapps.com\/fr\/wp-json\/wp\/v2\/pages\/751\/revisions"}],"predecessor-version":[{"id":752,"href":"https:\/\/myinfoapps.com\/fr\/wp-json\/wp\/v2\/pages\/751\/revisions\/752"}],"wp:attachment":[{"href":"https:\/\/myinfoapps.com\/fr\/wp-json\/wp\/v2\/media?parent=751"}],"curies":[{"name":"wp","href":"https:\/\/api.w.org\/{rel}","templated":true}]}}