{"id":753,"date":"2024-06-18T03:52:48","date_gmt":"2024-06-18T03:52:48","guid":{"rendered":"https:\/\/myinfoapps.com\/?page_id=753"},"modified":"2024-06-18T03:52:49","modified_gmt":"2024-06-18T03:52:49","slug":"condiciones-de-uso","status":"publish","type":"page","link":"https:\/\/myinfoapps.com\/es_ch\/termos-de-uso\/","title":{"rendered":"Terminos de uso"},"content":{"rendered":"<p>Bienvenido al <a href=\"https:\/\/myinfoapps.com\/es_ch\/\">Mis aplicaciones de informaci\u00f3n<\/a>. Estos T\u00e9rminos de uso (\u201cT\u00e9rminos\u201d) rigen su acceso y uso de nuestro sitio web https:\/\/myinfoapps.com, un portal dedicado a brindar recomendaciones e informaci\u00f3n sobre aplicaciones m\u00f3viles sobre diversos temas. Al acceder o utilizar el sitio web, usted acepta el uso de este sitio. <a href=\"https:\/\/myinfoapps.com\/es_ch\/\">Mis aplicaciones de informaci\u00f3n<\/a>, Al hacerlo, usted acepta cumplir con estos T\u00e9rminos.<\/p>\n\n\n\n<h2 class=\"wp-block-heading\">1. Mis servicios de aplicaciones de informaci\u00f3n<\/h2>\n\n\n\n<ul class=\"wp-block-list\">\n<li>My Info Apps ofrece recomendaciones de aplicaciones m\u00f3viles y contenido relacionado.<\/li>\n\n\n\n<li>No somos ni los propietarios ni los desarrolladores de las aplicaciones recomendadas. Las recomendaciones se basan en nuestra propia investigaci\u00f3n y an\u00e1lisis.<\/li>\n\n\n\n<li>Nuestros servicios se monetizan a trav\u00e9s de anuncios de Google AdSense\/Ad Exchange.<\/li>\n<\/ul>\n\n\n\n<h2 class=\"wp-block-heading\">2. Uso del sitio<\/h2>\n\n\n\n<ul class=\"wp-block-list\">\n<li>Usted acepta utilizar My Info Apps \u00fanicamente con fines l\u00edcitos y de conformidad con estos T\u00e9rminos.<\/li>\n\n\n\n<li>No debe utilizar el sitio de forma que pueda da\u00f1arlo, inhabilitarlo o sobrecargarlo.<\/li>\n\n\n\n<li>El contenido de My Info Apps, incluidos textos, gr\u00e1ficos e im\u00e1genes, est\u00e1 protegido por derechos de autor y es propiedad de My Info Apps o de sus licenciantes.<\/li>\n<\/ul>\n\n\n\n<h2 class=\"wp-block-heading\">3. Exenci\u00f3n de responsabilidad<\/h2>\n\n\n\n<ul class=\"wp-block-list\">\n<li>My Info Apps no se responsabiliza de la exactitud, seguridad o fiabilidad de las aplicaciones recomendadas.<\/li>\n\n\n\n<li>No nos hacemos responsables de los da\u00f1os o p\u00e9rdidas que puedan derivarse del uso de las aplicaciones recomendadas en nuestro sitio web.<\/li>\n<\/ul>\n\n\n\n<h2 class=\"wp-block-heading\">4. Derechos de propiedad intelectual<\/h2>\n\n\n\n<ul class=\"wp-block-list\">\n<li>Todo el contenido de My Info Apps es propiedad de My Info Apps o de sus licenciantes y est\u00e1 protegido por derechos de autor, marcas registradas y otras leyes de propiedad intelectual.<\/li>\n\n\n\n<li>Ning\u00fan contenido de este sitio puede ser copiado, reproducido, republicado, cargado, publicado, transmitido o distribuido de ninguna manera sin nuestro permiso expreso por escrito.<\/li>\n<\/ul>\n\n\n\n<h2 class=\"wp-block-heading\">5. Publicidad y enlaces de terceros<\/h2>\n\n\n\n<ul class=\"wp-block-list\">\n<li>Nuestro sitio web muestra anuncios proporcionados por Google AdSense\/Ad Exchange.<\/li>\n\n\n\n<li>Podemos incluir enlaces a sitios web de terceros; dichos enlaces no implican que respaldemos esos sitios web.<\/li>\n<\/ul>\n\n\n\n<h2 class=\"wp-block-heading\">6. Modificaciones a los T\u00e9rminos<\/h2>\n\n\n\n<ul class=\"wp-block-list\">\n<li>My Info Apps se reserva el derecho de modificar estos T\u00e9rminos en cualquier momento. Su visita continua y el uso del sitio constituyen su aceptaci\u00f3n de dichas modificaciones.<\/li>\n<\/ul>\n\n\n\n<h2 class=\"wp-block-heading\">7. Contacto<\/h2>\n\n\n\n<ul class=\"wp-block-list\">\n<li>Si tiene alguna pregunta o inquietud sobre estas Condiciones de uso, p\u00f3ngase en contacto con nosotros.<\/li>\n<\/ul>","protected":false},"excerpt":{"rendered":"<p>Bem-vindo ao My Info Apps. Estes Termos de Uso (\u201cTermos\u201d) regem seu acesso e uso do nosso site https:\/\/myinfoapps.com, um portal dedicado a fornecer recomenda\u00e7\u00f5es e informa\u00e7\u00f5es sobre aplicativos de celular de diversos temas. Ao acessar ou usar o My Info Apps, voc\u00ea concorda em cumprir estes Termos. 1. Servi\u00e7os do My Info Apps 2. [&hellip;]<\/p>\n","protected":false},"author":1,"featured_media":0,"parent":0,"menu_order":0,"comment_status":"closed","ping_status":"closed","template":"","meta":{"footnotes":""},"class_list":["post-753","page","type-page","status-publish"],"_links":{"self":[{"href":"https:\/\/myinfoapps.com\/es_ch\/wp-json\/wp\/v2\/pages\/753","targetHints":{"allow":["GET"]}}],"collection":[{"href":"https:\/\/myinfoapps.com\/es_ch\/wp-json\/wp\/v2\/pages"}],"about":[{"href":"https:\/\/myinfoapps.com\/es_ch\/wp-json\/wp\/v2\/types\/page"}],"author":[{"embeddable":true,"href":"https:\/\/myinfoapps.com\/es_ch\/wp-json\/wp\/v2\/users\/1"}],"replies":[{"embeddable":true,"href":"https:\/\/myinfoapps.com\/es_ch\/wp-json\/wp\/v2\/comments?post=753"}],"version-history":[{"count":1,"href":"https:\/\/myinfoapps.com\/es_ch\/wp-json\/wp\/v2\/pages\/753\/revisions"}],"predecessor-version":[{"id":754,"href":"https:\/\/myinfoapps.com\/es_ch\/wp-json\/wp\/v2\/pages\/753\/revisions\/754"}],"wp:attachment":[{"href":"https:\/\/myinfoapps.com\/es_ch\/wp-json\/wp\/v2\/media?parent=753"}],"curies":[{"name":"wp","href":"https:\/\/api.w.org\/{rel}","templated":true}]}}