{"id":753,"date":"2024-06-18T03:52:48","date_gmt":"2024-06-18T03:52:48","guid":{"rendered":"https:\/\/myinfoapps.com\/?page_id=753"},"modified":"2024-06-18T03:52:49","modified_gmt":"2024-06-18T03:52:49","slug":"nutzungsbedingungen","status":"publish","type":"page","link":"https:\/\/myinfoapps.com\/de\/termos-de-uso\/","title":{"rendered":"Nutzungsbedingungen"},"content":{"rendered":"<p>Willkommen zu <a href=\"https:\/\/myinfoapps.com\/de\/\">Meine Info-Apps<\/a>. Diese Nutzungsbedingungen (\u201cBedingungen\u201d) regeln Ihren Zugriff auf und Ihre Nutzung unserer Website https:\/\/myinfoapps.com, einem Portal, das Empfehlungen und Informationen zu mobilen Anwendungen zu verschiedenen Themen bereitstellt. Durch den Zugriff auf oder die Nutzung der Website erkl\u00e4ren Sie sich mit diesen Bedingungen einverstanden. <a href=\"https:\/\/myinfoapps.com\/de\/\">Meine Info-Apps<\/a>, Indem Sie dies tun, erkl\u00e4ren Sie sich mit diesen Bedingungen einverstanden.<\/p>\n\n\n\n<h2 class=\"wp-block-heading\">1. Meine Info-Apps-Dienste<\/h2>\n\n\n\n<ul class=\"wp-block-list\">\n<li>My Info Apps bietet Empfehlungen f\u00fcr mobile Anwendungen und verwandte Inhalte.<\/li>\n\n\n\n<li>Wir sind weder die Eigent\u00fcmer noch die Entwickler der empfohlenen Apps. Die Empfehlungen basieren auf unseren eigenen Recherchen und Analysen.<\/li>\n\n\n\n<li>Unsere Dienstleistungen werden \u00fcber Google AdSense\/Ad Exchange-Anzeigen monetarisiert.<\/li>\n<\/ul>\n\n\n\n<h2 class=\"wp-block-heading\">2. Nutzung der Website<\/h2>\n\n\n\n<ul class=\"wp-block-list\">\n<li>Sie stimmen zu, My Info Apps nur f\u00fcr rechtm\u00e4\u00dfige Zwecke und in \u00dcbereinstimmung mit diesen Bedingungen zu nutzen.<\/li>\n\n\n\n<li>Sie d\u00fcrfen die Website nicht in einer Weise nutzen, die sie besch\u00e4digen, deaktivieren oder \u00fcberlasten k\u00f6nnte.<\/li>\n\n\n\n<li>Die Inhalte von My Info Apps, einschlie\u00dflich Text, Grafiken und Bilder, sind urheberrechtlich gesch\u00fctzt und Eigentum von My Info Apps oder seinen Lizenzgebern.<\/li>\n<\/ul>\n\n\n\n<h2 class=\"wp-block-heading\">3. Haftungsausschluss<\/h2>\n\n\n\n<ul class=\"wp-block-list\">\n<li>My Info Apps \u00fcbernimmt keine Verantwortung f\u00fcr die Genauigkeit, Sicherheit oder Zuverl\u00e4ssigkeit der empfohlenen Anwendungen.<\/li>\n\n\n\n<li>Wir \u00fcbernehmen keine Haftung f\u00fcr Sch\u00e4den oder Verluste, die durch die Nutzung der auf unserer Website empfohlenen Anwendungen entstehen.<\/li>\n<\/ul>\n\n\n\n<h2 class=\"wp-block-heading\">4. Rechte an geistigem Eigentum<\/h2>\n\n\n\n<ul class=\"wp-block-list\">\n<li>Alle Inhalte auf My Info Apps sind Eigentum von My Info Apps oder seinen Lizenzgebern und sind durch Urheberrechte, Markenrechte und andere Gesetze zum Schutz des geistigen Eigentums gesch\u00fctzt.<\/li>\n\n\n\n<li>Ohne unsere ausdr\u00fcckliche schriftliche Genehmigung d\u00fcrfen keine Inhalte dieser Website kopiert, vervielf\u00e4ltigt, wiederver\u00f6ffentlicht, hochgeladen, gepostet, \u00fcbertragen oder auf sonstige Weise verbreitet werden.<\/li>\n<\/ul>\n\n\n\n<h2 class=\"wp-block-heading\">5. Werbung und Links von Drittanbietern<\/h2>\n\n\n\n<ul class=\"wp-block-list\">\n<li>Auf unserer Website werden Werbeanzeigen von Google AdSense\/Ad Exchange angezeigt.<\/li>\n\n\n\n<li>Wir k\u00f6nnen Links zu Webseiten Dritter einf\u00fcgen; solche Links stellen jedoch keine Empfehlung dieser Webseiten dar.<\/li>\n<\/ul>\n\n\n\n<h2 class=\"wp-block-heading\">6. \u00c4nderungen der Bedingungen<\/h2>\n\n\n\n<ul class=\"wp-block-list\">\n<li>My Info Apps beh\u00e4lt sich das Recht vor, diese Nutzungsbedingungen jederzeit zu \u00e4ndern. Ihre fortgesetzten Besuche und Nutzung der Website gelten als Ihre Zustimmung zu solchen \u00c4nderungen.<\/li>\n<\/ul>\n\n\n\n<h2 class=\"wp-block-heading\">7. Kontakt<\/h2>\n\n\n\n<ul class=\"wp-block-list\">\n<li>Sollten Sie Fragen oder Bedenken bez\u00fcglich dieser Nutzungsbedingungen haben, kontaktieren Sie uns bitte.<\/li>\n<\/ul>","protected":false},"excerpt":{"rendered":"<p>Bem-vindo ao My Info Apps. Estes Termos de Uso (\u201cTermos\u201d) regem seu acesso e uso do nosso site https:\/\/myinfoapps.com, um portal dedicado a fornecer recomenda\u00e7\u00f5es e informa\u00e7\u00f5es sobre aplicativos de celular de diversos temas. Ao acessar ou usar o My Info Apps, voc\u00ea concorda em cumprir estes Termos. 1. Servi\u00e7os do My Info Apps 2. [&hellip;]<\/p>\n","protected":false},"author":1,"featured_media":0,"parent":0,"menu_order":0,"comment_status":"closed","ping_status":"closed","template":"","meta":{"footnotes":""},"class_list":["post-753","page","type-page","status-publish"],"_links":{"self":[{"href":"https:\/\/myinfoapps.com\/de\/wp-json\/wp\/v2\/pages\/753","targetHints":{"allow":["GET"]}}],"collection":[{"href":"https:\/\/myinfoapps.com\/de\/wp-json\/wp\/v2\/pages"}],"about":[{"href":"https:\/\/myinfoapps.com\/de\/wp-json\/wp\/v2\/types\/page"}],"author":[{"embeddable":true,"href":"https:\/\/myinfoapps.com\/de\/wp-json\/wp\/v2\/users\/1"}],"replies":[{"embeddable":true,"href":"https:\/\/myinfoapps.com\/de\/wp-json\/wp\/v2\/comments?post=753"}],"version-history":[{"count":1,"href":"https:\/\/myinfoapps.com\/de\/wp-json\/wp\/v2\/pages\/753\/revisions"}],"predecessor-version":[{"id":754,"href":"https:\/\/myinfoapps.com\/de\/wp-json\/wp\/v2\/pages\/753\/revisions\/754"}],"wp:attachment":[{"href":"https:\/\/myinfoapps.com\/de\/wp-json\/wp\/v2\/media?parent=753"}],"curies":[{"name":"wp","href":"https:\/\/api.w.org\/{rel}","templated":true}]}}