{"id":753,"date":"2024-06-18T03:52:48","date_gmt":"2024-06-18T03:52:48","guid":{"rendered":"https:\/\/myinfoapps.com\/?page_id=753"},"modified":"2024-06-18T03:52:49","modified_gmt":"2024-06-18T03:52:49","slug":"uslovi-koristenja","status":"publish","type":"page","link":"https:\/\/myinfoapps.com\/bs\/termos-de-uso\/","title":{"rendered":"Pravila kori\u0161tenja"},"content":{"rendered":"<p>Dobrodo\u0161li u <a href=\"https:\/\/myinfoapps.com\/bs\/\">Moje informacije aplikacije<\/a>. Ovi Uslovi kori\u0161tenja (\u201cUslovi\u201d) reguli\u0161u va\u0161 pristup i kori\u0161tenje na\u0161e web stranice https:\/\/myinfoapps.com, portala posve\u0107enog pru\u017eanju preporuka i informacija o mobilnim aplikacijama o razli\u010ditim temama. Pristupom ili kori\u0161tenjem <a href=\"https:\/\/myinfoapps.com\/bs\/\">Moje informacije aplikacije<\/a>, Time se sla\u017eete da \u0107ete se pridr\u017eavati ovih Uslova.<\/p>\n\n\n\n<h2 class=\"wp-block-heading\">1. Moje usluge aplikacija za informacije<\/h2>\n\n\n\n<ul class=\"wp-block-list\">\n<li>My Info Apps nudi preporuke za mobilne aplikacije i srodni sadr\u017eaj.<\/li>\n\n\n\n<li>Nismo ni vlasnici ni programeri preporu\u010denih aplikacija. Preporuke se zasnivaju na na\u0161em vlastitom istra\u017eivanju i analizi.<\/li>\n\n\n\n<li>Na\u0161e usluge se monetiziraju putem Google AdSense\/Ad Exchange oglasa.<\/li>\n<\/ul>\n\n\n\n<h2 class=\"wp-block-heading\">2. Kori\u0161tenje stranice<\/h2>\n\n\n\n<ul class=\"wp-block-list\">\n<li>Sla\u017eete se da \u0107ete koristiti My Info aplikacije samo u zakonite svrhe i u skladu s ovim Uslovima.<\/li>\n\n\n\n<li>Ne smijete koristiti stranicu na na\u010din koji bi je mogao o\u0161tetiti, onesposobiti ili preopteretiti.<\/li>\n\n\n\n<li>Sadr\u017eaj My Info Apps, uklju\u010duju\u0107i tekst, grafiku i slike, za\u0161ti\u0107en je autorskim pravima i vlasni\u0161tvo je My Info Apps ili njegovih davatelja licenci.<\/li>\n<\/ul>\n\n\n\n<h2 class=\"wp-block-heading\">3. Odricanje od odgovornosti<\/h2>\n\n\n\n<ul class=\"wp-block-list\">\n<li>My Info Apps nije odgovoran za ta\u010dnost, sigurnost ili pouzdanost preporu\u010denih aplikacija.<\/li>\n\n\n\n<li>Ne odgovaramo za bilo kakvu \u0161tetu ili gubitke nastale kori\u0161tenjem aplikacija preporu\u010denih na na\u0161oj web stranici.<\/li>\n<\/ul>\n\n\n\n<h2 class=\"wp-block-heading\">4. Prava intelektualnog vlasni\u0161tva<\/h2>\n\n\n\n<ul class=\"wp-block-list\">\n<li>Sav sadr\u017eaj na My Info Apps je vlasni\u0161tvo My Info Apps ili njegovih davatelja licenci i za\u0161ti\u0107en je autorskim pravima, za\u0161titnim znakovima i drugim zakonima o intelektualnom vlasni\u0161tvu.<\/li>\n\n\n\n<li>Nije dozvoljeno kopiranje, reproduciranje, ponovno objavljivanje, postavljanje, objavljivanje, preno\u0161enje ili distribucija bilo kojeg sadr\u017eaja s ove stranice na bilo koji na\u010din bez na\u0161eg izri\u010ditog pismenog odobrenja.<\/li>\n<\/ul>\n\n\n\n<h2 class=\"wp-block-heading\">5. Ogla\u0161avanje i linkovi tre\u0107ih strana<\/h2>\n\n\n\n<ul class=\"wp-block-list\">\n<li>Na\u0161a web stranica prikazuje oglase koje pru\u017ea Google AdSense\/Ad Exchange.<\/li>\n\n\n\n<li>Mo\u017eemo uklju\u010diti linkove ka web stranicama tre\u0107ih strana; takvi linkovi ne podrazumijevaju odobravanje tih web stranica.<\/li>\n<\/ul>\n\n\n\n<h2 class=\"wp-block-heading\">6. Izmjene Uslova<\/h2>\n\n\n\n<ul class=\"wp-block-list\">\n<li>My Info Apps zadr\u017eava pravo izmjene ovih Uslova u bilo kojem trenutku. Va\u0161e daljnje posjete i kori\u0161tenje stranice predstavljaju Va\u0161e prihvatanje takvih izmjena.<\/li>\n<\/ul>\n\n\n\n<h2 class=\"wp-block-heading\">7. Kontakt<\/h2>\n\n\n\n<ul class=\"wp-block-list\">\n<li>Ako imate bilo kakvih pitanja ili nedoumica u vezi s ovim Uslovima kori\u0161tenja, molimo vas da nas kontaktirate.<\/li>\n<\/ul>","protected":false},"excerpt":{"rendered":"<p>Bem-vindo ao My Info Apps. Estes Termos de Uso (\u201cTermos\u201d) regem seu acesso e uso do nosso site https:\/\/myinfoapps.com, um portal dedicado a fornecer recomenda\u00e7\u00f5es e informa\u00e7\u00f5es sobre aplicativos de celular de diversos temas. Ao acessar ou usar o My Info Apps, voc\u00ea concorda em cumprir estes Termos. 1. Servi\u00e7os do My Info Apps 2. [&hellip;]<\/p>\n","protected":false},"author":1,"featured_media":0,"parent":0,"menu_order":0,"comment_status":"closed","ping_status":"closed","template":"","meta":{"footnotes":""},"class_list":["post-753","page","type-page","status-publish"],"_links":{"self":[{"href":"https:\/\/myinfoapps.com\/bs\/wp-json\/wp\/v2\/pages\/753","targetHints":{"allow":["GET"]}}],"collection":[{"href":"https:\/\/myinfoapps.com\/bs\/wp-json\/wp\/v2\/pages"}],"about":[{"href":"https:\/\/myinfoapps.com\/bs\/wp-json\/wp\/v2\/types\/page"}],"author":[{"embeddable":true,"href":"https:\/\/myinfoapps.com\/bs\/wp-json\/wp\/v2\/users\/1"}],"replies":[{"embeddable":true,"href":"https:\/\/myinfoapps.com\/bs\/wp-json\/wp\/v2\/comments?post=753"}],"version-history":[{"count":1,"href":"https:\/\/myinfoapps.com\/bs\/wp-json\/wp\/v2\/pages\/753\/revisions"}],"predecessor-version":[{"id":754,"href":"https:\/\/myinfoapps.com\/bs\/wp-json\/wp\/v2\/pages\/753\/revisions\/754"}],"wp:attachment":[{"href":"https:\/\/myinfoapps.com\/bs\/wp-json\/wp\/v2\/media?parent=753"}],"curies":[{"name":"radni list","href":"https:\/\/api.w.org\/{rel}","templated":true}]}}