{"id":751,"date":"2024-06-18T03:52:01","date_gmt":"2024-06-18T03:52:01","guid":{"rendered":"https:\/\/myinfoapps.com\/?page_id=751"},"modified":"2024-06-18T03:52:02","modified_gmt":"2024-06-18T03:52:02","slug":"politika-privatnosti","status":"publish","type":"page","link":"https:\/\/myinfoapps.com\/bs\/politica-de-privacidade\/","title":{"rendered":"Politika privatnosti"},"content":{"rendered":"<p>Dobrodo\u0161li u <a href=\"https:\/\/myinfoapps.com\/bs\/\">Moje informacije aplikacije<\/a>. Ova politika privatnosti opisuje kako prikupljamo, koristimo i dijelimo informacije o vama kada pristupate na\u0161oj web stranici ili je koristite.<\/p>\n\n\n\n<h2 class=\"wp-block-heading\">1. Informacije koje prikupljamo<\/h2>\n\n\n\n<ul class=\"wp-block-list\">\n<li><strong>Li\u010dni podaci:<\/strong> Prikupljamo li\u010dne podatke koje dobrovoljno dajete, kao \u0161to su va\u0161e ime, adresa e-po\u0161te i drugi kontakt podaci, kada se prijavite za primanje a\u017euriranja ili komunikaciju s nama.<\/li>\n\n\n\n<li><strong>Podaci o kori\u0161tenju:<\/strong> Automatski prikupljamo informacije o tome kako pristupate i koristite web stranicu, uklju\u010duju\u0107i vrstu ure\u0111aja, web preglednik, posje\u0107ene stranice, klikove, obrasce kori\u0161tenja i druge informacije o kori\u0161tenju.<\/li>\n\n\n\n<li><strong>Kola\u010di\u0107i i tehnologije pra\u0107enja:<\/strong> Koristimo kola\u010di\u0107e i tehnologije pra\u0107enja kako bismo personalizirali va\u0161e iskustvo i prikupljali podatke o va\u0161oj interakciji s web stranicom i prikazanim oglasima.<\/li>\n<\/ul>\n\n\n\n<h2 class=\"wp-block-heading\">2. Kori\u0161tenje informacija<\/h2>\n\n\n\n<p>Va\u0161e podatke koristimo za:<\/p>\n\n\n\n<ul class=\"wp-block-list\">\n<li>Da bismo obezbijedili, odr\u017eavali i pobolj\u0161ali na\u0161u web stranicu i usluge.<\/li>\n\n\n\n<li>Da bismo komunicirali s vama, odgovorili na va\u0161a pitanja i zahtjeve.<\/li>\n\n\n\n<li>Prikazujte personalizirane oglase i vr\u0161ite analizu podataka.<\/li>\n<\/ul>\n\n\n\n<h2 class=\"wp-block-heading\">3. Dijeljenje informacija<\/h2>\n\n\n\n<p>Va\u0161e podatke mo\u017eemo podijeliti s tre\u0107im stranama u sljede\u0107im okolnostima:<\/p>\n\n\n\n<ul class=\"wp-block-list\">\n<li><strong>Pru\u017eaoci usluga:<\/strong> Dijelimo informacije s dobavlja\u010dima koji nam poma\u017eu u radu web stranice, kao \u0161to su pru\u017eatelji usluga web hostinga i analize podataka.<\/li>\n\n\n\n<li><strong>Google Ad Exchange:<\/strong> Kao \u0161to je potrebno za prikazivanje oglasa putem Google Ad Exchange-a.<\/li>\n\n\n\n<li><strong>Uskla\u0111enost sa zakonima:<\/strong> Kada je to potrebno radi po\u0161tivanja zakona ili odgovora na pravne postupke.<\/li>\n<\/ul>\n\n\n\n<h2 class=\"wp-block-heading\">4. Google AdSense<\/h2>\n\n\n\n<ul class=\"wp-block-list\">\n<li>U skladu s uvjetima kori\u0161tenja Google AdSensea, obavje\u0161tavamo vas da Google, kao tre\u0107a strana, koristi kola\u010di\u0107e za prikazivanje oglasa na na\u0161oj web stranici.<\/li>\n\n\n\n<li>Googleova upotreba DART kola\u010di\u0107a omogu\u0107ava mu prikazivanje oglasa na\u0161im korisnicima na osnovu njihovih posjeta na\u0161oj web stranici i drugim web stranicama na internetu.<\/li>\n\n\n\n<li>Korisnici se mogu isklju\u010diti iz upotrebe DART kola\u010di\u0107a pristupom Pravilima o privatnosti za Google oglase i mre\u017eu sadr\u017eaja.<\/li>\n<\/ul>\n\n\n\n<h2 class=\"wp-block-heading\">5. Izmjene Politike privatnosti<\/h2>\n\n\n\n<p>S vremena na vrijeme mo\u017eemo a\u017eurirati na\u0161u Politiku privatnosti. Obavijestit \u0107emo vas o svim promjenama objavljivanjem nove Politike privatnosti na ovoj stranici.<\/p>\n\n\n\n<h2 class=\"wp-block-heading\">6. Kontakt<\/h2>\n\n\n\n<p>Ako imate bilo kakvih pitanja o ovoj Politici privatnosti, molimo vas da nas kontaktirate.<\/p>","protected":false},"excerpt":{"rendered":"<p>Bem-vindo ao My Info Apps. Esta pol\u00edtica de privacidade descreve como coletamos, usamos e compartilhamos informa\u00e7\u00f5es sobre voc\u00ea quando acessa ou usa nosso site. 1. Informa\u00e7\u00f5es que Coletamos 2. Uso de Informa\u00e7\u00f5es Utilizamos suas informa\u00e7\u00f5es para: 3. Compartilhamento de Informa\u00e7\u00f5es Podemos compartilhar suas informa\u00e7\u00f5es com terceiros nas seguintes circunst\u00e2ncias: 4. Google AdSense 5. Altera\u00e7\u00f5es \u00e0 [&hellip;]<\/p>\n","protected":false},"author":1,"featured_media":0,"parent":0,"menu_order":0,"comment_status":"closed","ping_status":"closed","template":"","meta":{"footnotes":""},"class_list":["post-751","page","type-page","status-publish"],"_links":{"self":[{"href":"https:\/\/myinfoapps.com\/bs\/wp-json\/wp\/v2\/pages\/751","targetHints":{"allow":["GET"]}}],"collection":[{"href":"https:\/\/myinfoapps.com\/bs\/wp-json\/wp\/v2\/pages"}],"about":[{"href":"https:\/\/myinfoapps.com\/bs\/wp-json\/wp\/v2\/types\/page"}],"author":[{"embeddable":true,"href":"https:\/\/myinfoapps.com\/bs\/wp-json\/wp\/v2\/users\/1"}],"replies":[{"embeddable":true,"href":"https:\/\/myinfoapps.com\/bs\/wp-json\/wp\/v2\/comments?post=751"}],"version-history":[{"count":1,"href":"https:\/\/myinfoapps.com\/bs\/wp-json\/wp\/v2\/pages\/751\/revisions"}],"predecessor-version":[{"id":752,"href":"https:\/\/myinfoapps.com\/bs\/wp-json\/wp\/v2\/pages\/751\/revisions\/752"}],"wp:attachment":[{"href":"https:\/\/myinfoapps.com\/bs\/wp-json\/wp\/v2\/media?parent=751"}],"curies":[{"name":"radni list","href":"https:\/\/api.w.org\/{rel}","templated":true}]}}