{"id":753,"date":"2024-06-18T03:52:48","date_gmt":"2024-06-18T03:52:48","guid":{"rendered":"https:\/\/myinfoapps.com\/?page_id=753"},"modified":"2024-06-18T03:52:49","modified_gmt":"2024-06-18T03:52:49","slug":"%d8%b4%d8%b1%d9%88%d8%b7-%d8%a7%d9%84%d8%a7%d8%b3%d8%aa%d8%ae%d8%af%d8%a7%d9%85","status":"publish","type":"page","link":"https:\/\/myinfoapps.com\/ar_eu\/termos-de-uso\/","title":{"rendered":"\u0634\u0631\u0648\u0637 \u0627\u0644\u0627\u0633\u062a\u062e\u062f\u0627\u0645"},"content":{"rendered":"<p>\u0623\u0647\u0644\u0627 \u0648\u0633\u0647\u0644\u0627 \u0628\u0643\u0645 <a href=\"https:\/\/myinfoapps.com\/ar_eu\/\">\u062a\u0637\u0628\u064a\u0642\u0627\u062a \u0645\u0639\u0644\u0648\u0645\u0627\u062a\u064a<\/a>. \u062a\u062d\u0643\u0645 \u0634\u0631\u0648\u0637 \u0627\u0644\u0627\u0633\u062a\u062e\u062f\u0627\u0645 \u0647\u0630\u0647 (&quot;\u0627\u0644\u0634\u0631\u0648\u0637&quot;) \u0648\u0635\u0648\u0644\u0643 \u0625\u0644\u0649 \u0645\u0648\u0642\u0639\u0646\u0627 \u0627\u0644\u0625\u0644\u0643\u062a\u0631\u0648\u0646\u064a https:\/\/myinfoapps.com \u0648\u0627\u0633\u062a\u062e\u062f\u0627\u0645\u0643 \u0644\u0647\u060c \u0648\u0647\u0648 \u0628\u0648\u0627\u0628\u0629 \u0645\u062e\u0635\u0635\u0629 \u0644\u062a\u0642\u062f\u064a\u0645 \u062a\u0648\u0635\u064a\u0627\u062a \u0648\u0645\u0639\u0644\u0648\u0645\u0627\u062a \u062d\u0648\u0644 \u062a\u0637\u0628\u064a\u0642\u0627\u062a \u0627\u0644\u062c\u0648\u0627\u0644 \u0641\u064a \u0645\u0648\u0627\u0636\u064a\u0639 \u0645\u062a\u0646\u0648\u0639\u0629. \u0628\u0627\u0644\u0648\u0635\u0648\u0644 \u0625\u0644\u0649 \u0623\u0648 \u0627\u0633\u062a\u062e\u062f\u0627\u0645\u0643 \u0644\u0645\u0648\u0642\u0639\u0646\u0627 \u0627\u0644\u0625\u0644\u0643\u062a\u0631\u0648\u0646\u064a https:\/\/myinfoapps.com\u060c \u0641\u0625\u0646\u0643 \u062a\u0648\u0627\u0641\u0642 \u0639\u0644\u0649 \u0634\u0631\u0648\u0637 \u0627\u0644\u0627\u0633\u062a\u062e\u062f\u0627\u0645 \u0647\u0630\u0647. <a href=\"https:\/\/myinfoapps.com\/ar_eu\/\">\u062a\u0637\u0628\u064a\u0642\u0627\u062a \u0645\u0639\u0644\u0648\u0645\u0627\u062a\u064a<\/a>, \u0628\u0630\u0644\u0643\u060c \u0641\u0625\u0646\u0643 \u062a\u0648\u0627\u0641\u0642 \u0639\u0644\u0649 \u0627\u0644\u0627\u0644\u062a\u0632\u0627\u0645 \u0628\u0647\u0630\u0647 \u0627\u0644\u0634\u0631\u0648\u0637.<\/p>\n\n\n\n<h2 class=\"wp-block-heading\">1. \u062e\u062f\u0645\u0627\u062a \u062a\u0637\u0628\u064a\u0642\u0627\u062a \u0645\u0639\u0644\u0648\u0645\u0627\u062a\u064a<\/h2>\n\n\n\n<ul class=\"wp-block-list\">\n<li>\u064a\u0642\u062f\u0645 \u062a\u0637\u0628\u064a\u0642 My Info Apps \u062a\u0648\u0635\u064a\u0627\u062a \u0644\u062a\u0637\u0628\u064a\u0642\u0627\u062a \u0627\u0644\u062c\u0648\u0627\u0644 \u0648\u0627\u0644\u0645\u062d\u062a\u0648\u0649 \u0630\u064a \u0627\u0644\u0635\u0644\u0629.<\/li>\n\n\n\n<li>\u0644\u0633\u0646\u0627 \u0645\u0627\u0644\u0643\u064a\u0646 \u0648\u0644\u0627 \u0645\u0637\u0648\u0631\u064a\u0646 \u0644\u0644\u062a\u0637\u0628\u064a\u0642\u0627\u062a \u0627\u0644\u0645\u0648\u0635\u0649 \u0628\u0647\u0627. \u062a\u0633\u062a\u0646\u062f \u0647\u0630\u0647 \u0627\u0644\u062a\u0648\u0635\u064a\u0627\u062a \u0625\u0644\u0649 \u0628\u062d\u062b\u0646\u0627 \u0648\u062a\u062d\u0644\u064a\u0644\u0646\u0627 \u0627\u0644\u062e\u0627\u0635.<\/li>\n\n\n\n<li>\u064a\u062a\u0645 \u062a\u062d\u0642\u064a\u0642 \u0627\u0644\u062f\u062e\u0644 \u0645\u0646 \u062e\u062f\u0645\u0627\u062a\u0646\u0627 \u0645\u0646 \u062e\u0644\u0627\u0644 \u0625\u0639\u0644\u0627\u0646\u0627\u062a \u062c\u0648\u062c\u0644 \u0623\u062f\u0633\u0646\u0633\/\u0623\u062f \u0625\u0643\u0633\u062a\u0634\u064a\u0646\u062c.<\/li>\n<\/ul>\n\n\n\n<h2 class=\"wp-block-heading\">2. \u0627\u0633\u062a\u062e\u062f\u0627\u0645 \u0627\u0644\u0645\u0648\u0642\u0639<\/h2>\n\n\n\n<ul class=\"wp-block-list\">\n<li>\u0623\u0646\u062a \u062a\u0648\u0627\u0641\u0642 \u0639\u0644\u0649 \u0627\u0633\u062a\u062e\u062f\u0627\u0645 \u062a\u0637\u0628\u064a\u0642\u0627\u062a \u0645\u0639\u0644\u0648\u0645\u0627\u062a\u064a \u0641\u0642\u0637 \u0644\u0623\u063a\u0631\u0627\u0636 \u0642\u0627\u0646\u0648\u0646\u064a\u0629 \u0648\u0648\u0641\u0642\u064b\u0627 \u0644\u0647\u0630\u0647 \u0627\u0644\u0634\u0631\u0648\u0637.<\/li>\n\n\n\n<li>\u064a\u062c\u0628 \u0639\u0644\u064a\u0643 \u0639\u062f\u0645 \u0627\u0633\u062a\u062e\u062f\u0627\u0645 \u0627\u0644\u0645\u0648\u0642\u0639 \u0628\u0637\u0631\u064a\u0642\u0629 \u0642\u062f \u062a\u0624\u062f\u064a \u0625\u0644\u0649 \u062a\u0644\u0641\u0647 \u0623\u0648 \u062a\u0639\u0637\u064a\u0644\u0647 \u0623\u0648 \u0625\u062b\u0642\u0627\u0644\u0647.<\/li>\n\n\n\n<li>\u0625\u0646 \u0645\u062d\u062a\u0648\u0649 \u062a\u0637\u0628\u064a\u0642\u0627\u062a My Info Apps\u060c \u0628\u0645\u0627 \u0641\u064a \u0630\u0644\u0643 \u0627\u0644\u0646\u0635\u0648\u0635 \u0648\u0627\u0644\u0631\u0633\u0648\u0645\u0627\u062a \u0648\u0627\u0644\u0635\u0648\u0631\u060c \u0645\u062d\u0645\u064a \u0628\u0645\u0648\u062c\u0628 \u062d\u0642\u0648\u0642 \u0627\u0644\u0646\u0634\u0631 \u0648\u0647\u0648 \u0645\u0644\u0643 \u0644\u0634\u0631\u0643\u0629 My Info Apps \u0623\u0648 \u0627\u0644\u062c\u0647\u0627\u062a \u0627\u0644\u0645\u0631\u062e\u0635\u0629 \u0644\u0647\u0627.<\/li>\n<\/ul>\n\n\n\n<h2 class=\"wp-block-heading\">3. \u0625\u062e\u0644\u0627\u0621 \u0627\u0644\u0645\u0633\u0624\u0648\u0644\u064a\u0629<\/h2>\n\n\n\n<ul class=\"wp-block-list\">\n<li>\u0644\u0627 \u062a\u062a\u062d\u0645\u0644 \u0634\u0631\u0643\u0629 My Info Apps \u0645\u0633\u0624\u0648\u0644\u064a\u0629 \u062f\u0642\u0629 \u0623\u0648 \u0623\u0645\u0627\u0646 \u0623\u0648 \u0645\u0648\u062b\u0648\u0642\u064a\u0629 \u0627\u0644\u062a\u0637\u0628\u064a\u0642\u0627\u062a \u0627\u0644\u0645\u0648\u0635\u0649 \u0628\u0647\u0627.<\/li>\n\n\n\n<li>\u0646\u062d\u0646 \u0644\u0633\u0646\u0627 \u0645\u0633\u0624\u0648\u0644\u064a\u0646 \u0639\u0646 \u0623\u064a \u0623\u0636\u0631\u0627\u0631 \u0623\u0648 \u062e\u0633\u0627\u0626\u0631 \u0646\u0627\u062a\u062c\u0629 \u0639\u0646 \u0627\u0633\u062a\u062e\u062f\u0627\u0645 \u0627\u0644\u062a\u0637\u0628\u064a\u0642\u0627\u062a \u0627\u0644\u0645\u0648\u0635\u0649 \u0628\u0647\u0627 \u0639\u0644\u0649 \u0645\u0648\u0642\u0639\u0646\u0627 \u0627\u0644\u0625\u0644\u0643\u062a\u0631\u0648\u0646\u064a.<\/li>\n<\/ul>\n\n\n\n<h2 class=\"wp-block-heading\">4. \u062d\u0642\u0648\u0642 \u0627\u0644\u0645\u0644\u0643\u064a\u0629 \u0627\u0644\u0641\u0643\u0631\u064a\u0629<\/h2>\n\n\n\n<ul class=\"wp-block-list\">\n<li>\u062c\u0645\u064a\u0639 \u0627\u0644\u0645\u062d\u062a\u0648\u064a\u0627\u062a \u0627\u0644\u0645\u0648\u062c\u0648\u062f\u0629 \u0639\u0644\u0649 \u062a\u0637\u0628\u064a\u0642 My Info Apps \u0645\u0645\u0644\u0648\u0643\u0629 \u0644\u0634\u0631\u0643\u0629 My Info Apps \u0623\u0648 \u0627\u0644\u062c\u0647\u0627\u062a \u0627\u0644\u0645\u0631\u062e\u0635\u0629 \u0644\u0647\u0627\u060c \u0648\u0647\u064a \u0645\u062d\u0645\u064a\u0629 \u0628\u0645\u0648\u062c\u0628 \u0642\u0648\u0627\u0646\u064a\u0646 \u062d\u0642\u0648\u0642 \u0627\u0644\u0646\u0634\u0631 \u0648\u0627\u0644\u0639\u0644\u0627\u0645\u0627\u062a \u0627\u0644\u062a\u062c\u0627\u0631\u064a\u0629 \u0648\u0642\u0648\u0627\u0646\u064a\u0646 \u0627\u0644\u0645\u0644\u0643\u064a\u0629 \u0627\u0644\u0641\u0643\u0631\u064a\u0629 \u0627\u0644\u0623\u062e\u0631\u0649.<\/li>\n\n\n\n<li>\u0644\u0627 \u064a\u062c\u0648\u0632 \u0646\u0633\u062e \u0623\u0648 \u0625\u0639\u0627\u062f\u0629 \u0625\u0646\u062a\u0627\u062c \u0623\u0648 \u0625\u0639\u0627\u062f\u0629 \u0646\u0634\u0631 \u0623\u0648 \u062a\u062d\u0645\u064a\u0644 \u0623\u0648 \u0646\u0634\u0631 \u0623\u0648 \u0646\u0642\u0644 \u0623\u0648 \u062a\u0648\u0632\u064a\u0639 \u0623\u064a \u0645\u062d\u062a\u0648\u0649 \u0645\u0646 \u0647\u0630\u0627 \u0627\u0644\u0645\u0648\u0642\u0639 \u0628\u0623\u064a \u0634\u0643\u0644 \u0645\u0646 \u0627\u0644\u0623\u0634\u0643\u0627\u0644 \u062f\u0648\u0646 \u0627\u0644\u062d\u0635\u0648\u0644 \u0639\u0644\u0649 \u0625\u0630\u0646 \u0643\u062a\u0627\u0628\u064a \u0635\u0631\u064a\u062d \u0645\u0646\u0627.<\/li>\n<\/ul>\n\n\n\n<h2 class=\"wp-block-heading\">5. \u0625\u0639\u0644\u0627\u0646\u0627\u062a \u0648\u0631\u0648\u0627\u0628\u0637 \u062c\u0647\u0627\u062a \u062e\u0627\u0631\u062c\u064a\u0629<\/h2>\n\n\n\n<ul class=\"wp-block-list\">\n<li>\u064a\u0639\u0631\u0636 \u0645\u0648\u0642\u0639\u0646\u0627 \u0627\u0644\u0625\u0644\u0643\u062a\u0631\u0648\u0646\u064a \u0625\u0639\u0644\u0627\u0646\u0627\u062a \u0645\u0642\u062f\u0645\u0629 \u0645\u0646 Google AdSense\/Ad Exchange.<\/li>\n\n\n\n<li>\u0642\u062f \u0646\u0642\u0648\u0645 \u0628\u062a\u0636\u0645\u064a\u0646 \u0631\u0648\u0627\u0628\u0637 \u0644\u0645\u0648\u0627\u0642\u0639 \u0625\u0644\u0643\u062a\u0631\u0648\u0646\u064a\u0629 \u062a\u0627\u0628\u0639\u0629 \u0644\u062c\u0647\u0627\u062a \u062e\u0627\u0631\u062c\u064a\u0629\u061b \u0648\u0644\u0627 \u062a\u0639\u0646\u064a \u0647\u0630\u0647 \u0627\u0644\u0631\u0648\u0627\u0628\u0637 \u062a\u0623\u064a\u064a\u062f\u0646\u0627 \u0644\u062a\u0644\u0643 \u0627\u0644\u0645\u0648\u0627\u0642\u0639.<\/li>\n<\/ul>\n\n\n\n<h2 class=\"wp-block-heading\">6. \u062a\u0639\u062f\u064a\u0644\u0627\u062a \u0639\u0644\u0649 \u0627\u0644\u0634\u0631\u0648\u0637<\/h2>\n\n\n\n<ul class=\"wp-block-list\">\n<li>\u062a\u062d\u062a\u0641\u0638 \u0634\u0631\u0643\u0629 My Info Apps \u0628\u062d\u0642 \u062a\u0639\u062f\u064a\u0644 \u0647\u0630\u0647 \u0627\u0644\u0634\u0631\u0648\u0637 \u0641\u064a \u0623\u064a \u0648\u0642\u062a. \u0648\u064a\u064f\u0639\u062f\u0651 \u0627\u0633\u062a\u0645\u0631\u0627\u0631\u0643 \u0641\u064a \u0632\u064a\u0627\u0631\u0629 \u0627\u0644\u0645\u0648\u0642\u0639 \u0648\u0627\u0633\u062a\u062e\u062f\u0627\u0645\u0647 \u0628\u0645\u062b\u0627\u0628\u0629 \u0642\u0628\u0648\u0644\u0643 \u0644\u0647\u0630\u0647 \u0627\u0644\u062a\u0639\u062f\u064a\u0644\u0627\u062a.<\/li>\n<\/ul>\n\n\n\n<h2 class=\"wp-block-heading\">7. \u0627\u0644\u0627\u062a\u0635\u0627\u0644<\/h2>\n\n\n\n<ul class=\"wp-block-list\">\n<li>\u0625\u0630\u0627 \u0643\u0627\u0646\u062a \u0644\u062f\u064a\u0643\u0645 \u0623\u064a \u0623\u0633\u0626\u0644\u0629 \u0623\u0648 \u0627\u0633\u062a\u0641\u0633\u0627\u0631\u0627\u062a \u0628\u062e\u0635\u0648\u0635 \u0634\u0631\u0648\u0637 \u0627\u0644\u0627\u0633\u062a\u062e\u062f\u0627\u0645 \u0647\u0630\u0647\u060c \u0641\u064a\u0631\u062c\u0649 \u0627\u0644\u0627\u062a\u0635\u0627\u0644 \u0628\u0646\u0627.<\/li>\n<\/ul>","protected":false},"excerpt":{"rendered":"<p>Bem-vindo ao My Info Apps. Estes Termos de Uso (\u201cTermos\u201d) regem seu acesso e uso do nosso site https:\/\/myinfoapps.com, um portal dedicado a fornecer recomenda\u00e7\u00f5es e informa\u00e7\u00f5es sobre aplicativos de celular de diversos temas. Ao acessar ou usar o My Info Apps, voc\u00ea concorda em cumprir estes Termos. 1. Servi\u00e7os do My Info Apps 2. [&hellip;]<\/p>\n","protected":false},"author":1,"featured_media":0,"parent":0,"menu_order":0,"comment_status":"closed","ping_status":"closed","template":"","meta":{"footnotes":""},"class_list":["post-753","page","type-page","status-publish"],"_links":{"self":[{"href":"https:\/\/myinfoapps.com\/ar_eu\/wp-json\/wp\/v2\/pages\/753","targetHints":{"allow":["GET"]}}],"collection":[{"href":"https:\/\/myinfoapps.com\/ar_eu\/wp-json\/wp\/v2\/pages"}],"about":[{"href":"https:\/\/myinfoapps.com\/ar_eu\/wp-json\/wp\/v2\/types\/page"}],"author":[{"embeddable":true,"href":"https:\/\/myinfoapps.com\/ar_eu\/wp-json\/wp\/v2\/users\/1"}],"replies":[{"embeddable":true,"href":"https:\/\/myinfoapps.com\/ar_eu\/wp-json\/wp\/v2\/comments?post=753"}],"version-history":[{"count":1,"href":"https:\/\/myinfoapps.com\/ar_eu\/wp-json\/wp\/v2\/pages\/753\/revisions"}],"predecessor-version":[{"id":754,"href":"https:\/\/myinfoapps.com\/ar_eu\/wp-json\/wp\/v2\/pages\/753\/revisions\/754"}],"wp:attachment":[{"href":"https:\/\/myinfoapps.com\/ar_eu\/wp-json\/wp\/v2\/media?parent=753"}],"curies":[{"name":"wp","href":"https:\/\/api.w.org\/{rel}","templated":true}]}}